{"id":4813,"date":"2016-05-28T08:02:31","date_gmt":"2016-05-28T08:02:31","guid":{"rendered":"http:\/\/www.cincottaadvisory.com\/es\/inicioconstruccion\/"},"modified":"2017-08-02T17:29:16","modified_gmt":"2017-08-02T17:29:16","slug":"inicioconstruccion","status":"publish","type":"page","link":"https:\/\/www.cincottaadvisory.com\/es\/inicioconstruccion\/","title":{"rendered":"Inicio"},"content":{"rendered":"<p>[vc_row][vc_column]\n\t\t\t<!-- START slidercincotta REVOLUTION SLIDER 6.2.2 --><p class=\"rs-p-wp-fix\"><\/p>\n\t\t\t<rs-module-wrap id=\"rev_slider_2_1_wrapper\" data-source=\"gallery\" style=\"background:transparent;padding:0;\">\n\t\t\t\t<rs-module id=\"rev_slider_2_1\" style=\"display:none;\" data-version=\"6.2.2\">\n\t\t\t\t\t<rs-slides>\n\t\t\t\t\t\t<rs-slide data-key=\"rs-3\" data-title=\"Slide\" data-anim=\"ei:d;eo:d;s:600;r:0;t:fade;sl:d;\">\n\t\t\t\t\t\t\t<img decoding=\"async\" src=\"\/\/www.cincottaadvisory.com\/wp-content\/uploads\/2016\/05\/1.jpg\" title=\"Inicio\" class=\"rev-slidebg\" data-no-retina>\n<!---->\t\t\t\t\t\t<\/rs-slide>\n\t\t\t\t\t\t<rs-slide data-key=\"rs-4\" data-title=\"Slide\" data-anim=\"ei:d;eo:d;s:600;r:0;t:fade;sl:d;\">\n\t\t\t\t\t\t\t<img decoding=\"async\" src=\"\/\/www.cincottaadvisory.com\/wp-content\/uploads\/2017\/06\/2.jpg\" title=\"Inicio\" class=\"rev-slidebg\" data-no-retina>\n<!---->\t\t\t\t\t\t<\/rs-slide>\n\t\t\t\t\t<\/rs-slides>\n\t\t\t\t\t<rs-static-layers><!--\n\n\t\t\t\t\t\t\t--><rs-layer\n\t\t\t\t\t\t\t\tid=\"slider-2-slide-2-layer-3\" \n\t\t\t\t\t\t\t\tclass=\"rs-layer-static\"\n\t\t\t\t\t\t\t\tdata-type=\"image\"\n\t\t\t\t\t\t\t\tdata-rsp_ch=\"on\"\n\t\t\t\t\t\t\t\tdata-xy=\"x:403px;y:232px;\"\n\t\t\t\t\t\t\t\tdata-text=\"l:22;a:inherit;\"\n\t\t\t\t\t\t\t\tdata-dim=\"w:409px;h:253px;\"\n\t\t\t\t\t\t\t\tdata-onslides=\"s:1;\"\n\t\t\t\t\t\t\t\tdata-frame_0=\"tp:600;\"\n\t\t\t\t\t\t\t\tdata-frame_1=\"tp:600;st:0;\"\n\t\t\t\t\t\t\t\tdata-frame_999=\"o:0;tp:600;st:w;sR:2700;\"\n\t\t\t\t\t\t\t\tstyle=\"z-index:6;\"\n\t\t\t\t\t\t\t><img loading=\"lazy\" decoding=\"async\" src=\"\/\/www.cincottaadvisory.com\/wp-content\/uploads\/2020\/02\/slider-cincotta-logo.png\" width=\"782\" height=\"484\" data-no-retina> \n\t\t\t\t\t\t\t<\/rs-layer><!--\n\t\t\t\t\t--><\/rs-static-layers>\n\t\t\t\t\t<rs-progress class=\"rs-bottom\" style=\"visibility: hidden !important;\"><\/rs-progress>\n\t\t\t\t<\/rs-module>\n\t\t\t\t<script type=\"text\/javascript\">\n\t\t\t\t\tsetREVStartSize({c: 'rev_slider_2_1',rl:[1240,1024,778,480],el:[],gw:[1240],gh:[868],type:'standard',justify:'',layout:'fullscreen',offsetContainer:'',offset:'',mh:\"0\"});\n\t\t\t\t\tvar\trevapi2,\n\t\t\t\t\t\ttpj;\n\t\t\t\t\tjQuery(function() {\n\t\t\t\t\t\ttpj = jQuery;\n\t\t\t\t\t\tif(tpj(\"#rev_slider_2_1\").revolution == undefined){\n\t\t\t\t\t\t\trevslider_showDoubleJqueryError(\"#rev_slider_2_1\");\n\t\t\t\t\t\t}else{\n\t\t\t\t\t\t\trevapi2 = tpj(\"#rev_slider_2_1\").show().revolution({\n\t\t\t\t\t\t\t\tjsFileLocation:\"\/\/www.cincottaadvisory.com\/wp-content\/plugins\/revslider\/public\/assets\/js\/\",\n\t\t\t\t\t\t\t\tsliderLayout:\"fullscreen\",\n\t\t\t\t\t\t\t\tduration:3000,\n\t\t\t\t\t\t\t\tvisibilityLevels:\"1240,1024,778,480\",\n\t\t\t\t\t\t\t\tgridwidth:1240,\n\t\t\t\t\t\t\t\tgridheight:868,\n\t\t\t\t\t\t\t\tspinner:\"spinner0\",\n\t\t\t\t\t\t\t\tresponsiveLevels:\"1240,1024,778,480\",\n\t\t\t\t\t\t\t\tdisableProgressBar:\"on\",\n\t\t\t\t\t\t\t\tnavigation: {\n\t\t\t\t\t\t\t\t\tonHoverStop:false\n\t\t\t\t\t\t\t\t},\n\t\t\t\t\t\t\t\tfallbacks: {\n\t\t\t\t\t\t\t\t\tallowHTML5AutoPlayOnAndroid:true\n\t\t\t\t\t\t\t\t},\n\t\t\t\t\t\t\t});\n\t\t\t\t\t\t}\n\t\t\t\t\t\t\n\t\t\t\t\t});\n\t\t\t\t<\/script>\n\t\t\t<\/rs-module-wrap>\n\t\t\t<!-- END REVOLUTION SLIDER -->\n[\/vc_column][\/vc_row][vc_row bg_choice=\u00bb2&#8243; el_id=\u00bbintro\u00bb el_class=\u00bbintro\u00bb padding_top=\u00bb140&#8243; padding_bottom=\u00bb140&#8243; bg_image=\u00bb4730&#8243;][vc_column white=\u00bbwhite\u00bb width=\u00bb5\/6&#8243; animation=\u00bbfadeIn\u00bb offset=\u00bbvc_col-md-offset-2 vc_col-md-8 vc_col-sm-offset-1&#8243; animation_delay=\u00bb0.2&#8243; animation_duration=\u00bb0.4&#8243; animation_offset=\u00bb70%\u00bb][vc_custom_heading text=\u00bbQuienes somos\u00bb font_container=\u00bbtag:h3|text_align:center\u00bb use_theme_fonts=\u00bbyes\u00bb][vc_column_text]<\/p>\n<h5 style=\"text-align: justify; -moz-text-align-last: center; text-align-last: center;\">Somos una consultora internacional, con especial presencia en Inglaterra y Argentina. La consultora se especializa en Asesoramiento Legal, An\u00e1lisis Financiero de los mercados y en ense\u00f1ar Ingl\u00e9s Legal. El socio gerente, Dr. Federico Miguel Amadeo Cincotta, es el \u00fanico Solicitor Ingl\u00e9s &amp; Gal\u00e9s en Argentina y adem\u00e1s es abogado argentino.<\/h5>\n<p>[\/vc_column_text][\/vc_column][\/vc_row][vc_row fullwidth=\u00bbhas-fullwidth-column-no-padding\u00bb act_as_table=\u00bbact_as_table\u00bb el_id=\u00bblegal\u00bb el_class=\u00bbfeature-1&#8243;][vc_column css=\u00bb.vc_custom_1497978036523{padding-top: 200px !important;padding-bottom: 200px !important;background-image: url(https:\/\/www.cincottaadvisory.com\/wp-content\/uploads\/2016\/05\/3.jpg?id=4715) !important;background-position: center !important;background-repeat: no-repeat !important;background-size: cover !important;}\u00bb offset=\u00bbvc_col-md-6&#8243;][\/vc_column][vc_column animation=\u00bbfadeIn\u00bb css=\u00bb.vc_custom_1464434595745{padding-top: 8.5% !important;padding-right: 8.5% !important;padding-bottom: 8.5% !important;padding-left: 8.5% !important;}\u00bb animation_delay=\u00bb0.2&#8243; animation_duration=\u00bb0.4&#8243; animation_offset=\u00bb90%\u00bb offset=\u00bbvc_col-md-6&#8243;][vc_custom_heading text=\u00bbLegal\u00bb font_container=\u00bbtag:h4|text_align:left\u00bb use_theme_fonts=\u00bbyes\u00bb][vc_column_text css=\u00bb.vc_custom_1498693750310{padding-top: 10px !important;}\u00bb]<\/p>\n<p style=\"text-align: justify;\">La firma boutique provee asesoramiento sofisticado y de alta calidad a clientes internacionales y locales en cuestiones de derecho ingl\u00e9s y argentino. Es el primer y \u00fanico estudio en Argentina que cuenta con un Solicitor Ingl\u00e9s &amp; Gal\u00e9s con capacidad de asesorar en cuestiones de derecho ingl\u00e9s. La firma asesora a empresas multinacionales y nacionales, personas de alto poder adquisitivo y gobiernos. Ayudamos a los clientes desde la creaci\u00f3n de empresas, book keeping, compra venta de inmuebles, transferencia de activos al exterior y litigios, entre otros.<\/p>\n<p>[\/vc_column_text][\/vc_column][\/vc_row][vc_row fullwidth=\u00bbhas-fullwidth-column-no-padding\u00bb act_as_table=\u00bbact_as_table\u00bb el_id=\u00bbfinancial\u00bb el_class=\u00bbfeature-2&#8243;][vc_column animation=\u00bbfadeIn\u00bb css=\u00bb.vc_custom_1464434609999{padding-top: 8.5% !important;padding-right: 8.5% !important;padding-bottom: 8.5% !important;padding-left: 8.5% !important;}\u00bb animation_delay=\u00bb0.2&#8243; animation_duration=\u00bb0.4&#8243; animation_offset=\u00bb90%\u00bb offset=\u00bbvc_col-md-6&#8243;][vc_custom_heading text=\u00bbAn\u00e1lisis Mercado Financiero\u00bb font_container=\u00bbtag:h4|text_align:left\u00bb use_theme_fonts=\u00bbyes\u00bb][vc_column_text css=\u00bb.vc_custom_1498693848782{padding-top: 10px !important;}\u00bb]<\/p>\n<p style=\"text-align: justify;\">Entendemos que Ud. necesita estar bien informado para tomar la mejor decisi\u00f3n posible de inversi\u00f3n. La consultora Cincotta provee an\u00e1lisis profundos sobre los mercados, haciendo m\u00e1s f\u00e1cil tu decisi\u00f3n de inversi\u00f3n estrat\u00e9gica.<\/p>\n<p>[\/vc_column_text][\/vc_column][vc_column css=\u00bb.vc_custom_1497978861916{padding-top: 200px !important;padding-bottom: 200px !important;background-image: url(https:\/\/www.cincottaadvisory.com\/wp-content\/uploads\/2016\/05\/4.jpg?id=4716) !important;background-position: center !important;background-repeat: no-repeat !important;background-size: cover !important;}\u00bb offset=\u00bbvc_col-md-6&#8243;][\/vc_column][\/vc_row][vc_row fullwidth=\u00bbhas-fullwidth-column-no-padding\u00bb act_as_table=\u00bbact_as_table\u00bb el_class=\u00bbfeature-1&#8243; el_id=\u00bblegalenglish\u00bb][vc_column css=\u00bb.vc_custom_1497978875967{padding-top: 200px !important;padding-bottom: 200px !important;background-image: url(https:\/\/www.cincottaadvisory.com\/wp-content\/uploads\/2016\/05\/5.jpg?id=4717) !important;background-position: center !important;background-repeat: no-repeat !important;background-size: cover !important;}\u00bb offset=\u00bbvc_col-md-6&#8243;][\/vc_column][vc_column animation=\u00bbfadeIn\u00bb css=\u00bb.vc_custom_1464434595745{padding-top: 8.5% !important;padding-right: 8.5% !important;padding-bottom: 8.5% !important;padding-left: 8.5% !important;}\u00bb animation_delay=\u00bb0.2&#8243; animation_duration=\u00bb0.4&#8243; animation_offset=\u00bb90%\u00bb offset=\u00bbvc_col-md-6&#8243;][vc_row_inner][vc_column_inner width=\u00bb1\/2&#8243;][vc_custom_heading text=\u00bbCursos Ingl\u00e9s Legal\u00bb font_container=\u00bbtag:h4|text_align:left\u00bb use_theme_fonts=\u00bbyes\u00bb][\/vc_column_inner][vc_column_inner width=\u00bb1\/2&#8243;]<div class=\" agni-image custom-image-container text-right\"><div class=\"wpb_wrapper\"><img loading=\"lazy\" decoding=\"async\" style=\"\" class=\"fullwidth-image attachment-58X66  \" src=\"https:\/\/www.cincottaadvisory.com\/wp-content\/uploads\/2016\/05\/logotoles-58x66.jpg\" width=\"58\" height=\"66\" alt=\"logotoles\" title=\"logotoles\" \/><\/div><\/div>[\/vc_column_inner][\/vc_row_inner][vc_column_text css=\u00bb.vc_custom_1498693953542{padding-top: 10px !important;}\u00bb]<\/p>\n<p style=\"text-align: justify;\">La consultora tambi\u00e9n se especializa en ense\u00f1ar Ingl\u00e9s Legal. Dictamos cursos de Ingl\u00e9s Legal, especialmente para la preparaci\u00f3n del examen TOLES (Test of Legal English Skills).\u00a0Tambi\u00e9n ofrecemos cursos de ingl\u00e9s legales a medida.<\/p>\n<p style=\"text-align: justify;\">Somos un centro acreditado TOLES en Argentina para los siguientes ex\u00e1menes: Toles Foundation, Toles Advanced y Toles Higher. Tambi\u00e9n ofrecemos cursos de ingl\u00e9s legales a medida. Los ex\u00e1menes TOLES se consideran los ex\u00e1menes m\u00e1s prestigiosos de ingl\u00e9s legal a nivel internacional, reconocidos entre otros por The Law Society de Inglaterra y Gales, el Banco Central Europeo o el Tribunal Europeo de Justicia.<\/p>\n<p style=\"text-align: justify;\">Para m\u00e1s detalles sobre los ex\u00e1menes internacionales TOLES por favor visite www.toles.co.uk<\/p>\n<p>[\/vc_column_text][\/vc_column][\/vc_row][vc_row el_id=\u00bbourteam\u00bb el_class=\u00bbworks\u00bb padding_top=\u00bb100&#8243; padding_bottom=\u00bb100&#8243; margin_right=\u00bb0&#8243; margin_left=\u00bb0&#8243;][vc_column css=\u00bb.vc_custom_1464434500109{padding-right: 0px !important;padding-left: 0px !important;}\u00bb][vc_custom_heading divide_line=\u00bbyes\u00bb divide_line_width=\u00bb70&#8243; divide_line_color=\u00bb#000000&#8243; divide_line_align=\u00bbcenter\u00bb text=\u00bbNuestro Equipo\u00bb font_container=\u00bbtag:h4|text_align:center\u00bb use_theme_fonts=\u00bbyes\u00bb][vc_empty_space height=\u00bb50px\u00bb][vc_row_inner][vc_column_inner width=\u00bb1\/2&#8243;]<div class=\" agni-image custom-image-container text-center\"><div class=\"wpb_wrapper\"><img loading=\"lazy\" decoding=\"async\" style=\"\" width=\"719\" height=\"688\" src=\"https:\/\/www.cincottaadvisory.com\/wp-content\/uploads\/2016\/05\/6.jpg\" class=\"fullwidth-image attachment-large  attachment-large\" alt=\"\" srcset=\"https:\/\/www.cincottaadvisory.com\/wp-content\/uploads\/2016\/05\/6.jpg 719w, https:\/\/www.cincottaadvisory.com\/wp-content\/uploads\/2016\/05\/6-300x287.jpg 300w, https:\/\/www.cincottaadvisory.com\/wp-content\/uploads\/2016\/05\/6-640x612.jpg 640w\" sizes=\"auto, (max-width: 719px) 100vw, 719px\" \/><\/div><\/div>[vc_custom_heading text=\u00bbFederico Miguel Amadeo Cincotta\u00bb font_container=\u00bbtag:h4|text_align:center\u00bb use_theme_fonts=\u00bbyes\u00bb][vc_custom_heading text=\u00bbSocio Gerente\u00bb font_container=\u00bbtag:p|text_align:center\u00bb use_theme_fonts=\u00bbyes\u00bb][vc_column_text css=\u00bb.vc_custom_1498693985046{padding-top: 10px !important;}\u00bb]<\/p>\n<p style=\"text-align: justify;\">Federico es el \u00fanico Solicitor de Inglaterra &amp; Gales en Argentina y abogado argentino. Tiene casi 20 a\u00f1os de experiencia laboral, 8 de los cuales fueron en Londres. Gestiona su propia firma boutique asesorando principalmente a clientes internacionales (empresas multinacionales y nacionales, individuos de alto poder adquisitivo y gobiernos) sobre aspectos de legislaci\u00f3n inglesa y argentina. Adem\u00e1s, es profesor de la Universidad Nacional de la Plata en el Curso de Posgrado y en el Colegio de Abogados de La Plata, dictando clases de Ingl\u00e9s Legal. Ha trabajado como abogado de los mejores estudios juridicos del mundo y entrenado con l\u00edderes en su campo. Habla espa\u00f1ol e ingl\u00e9s.<\/p>\n<p>[\/vc_column_text]<div class=\" text-left page-scroll\"><a class=\"btn btn-alt btn-default \" target=\"_blank\" href=\"https:\/\/www.cincottaadvisory.com\/wp-content\/uploads\/2017\/Archivos%20enlazados\/FedericoMiguelAmadeoCincottaCV.pdf\" ><i class=\"ion-android-add\"><\/i>Curriculum Vitae<\/a><\/div>[vc_column_text css=\u00bb.vc_custom_1501694937507{padding-top: 10px !important;}\u00bb]<\/p>\n<p style=\"text-align: justify;\">federico.cincotta@cincottaadvisory.com<br \/>\nEng. +447901954011<br \/>\nArg. +54 (9) 221 355 3276<\/p>\n<p>[\/vc_column_text][\/vc_column_inner][vc_column_inner width=\u00bb1\/2&#8243;]<div class=\" agni-image custom-image-container text-left\"><div class=\"wpb_wrapper\"><img loading=\"lazy\" decoding=\"async\" style=\"\" width=\"719\" height=\"688\" src=\"https:\/\/www.cincottaadvisory.com\/wp-content\/uploads\/2016\/05\/7.jpg\" class=\"fullwidth-image attachment-full  attachment-full\" alt=\"\" srcset=\"https:\/\/www.cincottaadvisory.com\/wp-content\/uploads\/2016\/05\/7.jpg 719w, https:\/\/www.cincottaadvisory.com\/wp-content\/uploads\/2016\/05\/7-300x287.jpg 300w, https:\/\/www.cincottaadvisory.com\/wp-content\/uploads\/2016\/05\/7-640x612.jpg 640w\" sizes=\"auto, (max-width: 719px) 100vw, 719px\" \/><\/div><\/div>[vc_custom_heading text=\u00bbFiona Jayne Cincotta\u00bb font_container=\u00bbtag:h4|text_align:center\u00bb use_theme_fonts=\u00bbyes\u00bb][vc_custom_heading text=\u00bbSocia<br \/>\nAnalista de Mercado y Escritora de FX\u00bb font_container=\u00bbtag:p|text_align:center\u00bb use_theme_fonts=\u00bbyes\u00bb][vc_column_text css=\u00bb.vc_custom_1498581369728{padding-top: 10px !important;}\u00bb]<\/p>\n<p style=\"text-align: justify;\">Fiona tiene m\u00e1s de 10 a\u00f1os de experiencia de trading al por menor, incluyendo 7 a\u00f1os como analista de mercado y 2 a\u00f1os como un trader de acciones europeos en una corredur\u00eda de comercio minorista global l\u00edder. Ella ofrece comentarios y conocimientos sobre los mercados financieros, as\u00ed como la econom\u00eda en general y se cita regularmente en la prensa nacional y publicaciones especializadas. Fiona tambi\u00e9n ha disfrutado de apariciones regulares en televisi\u00f3n en todo el mundo en Fox Business, Sky News y CNBC Sud\u00e1frica, entre otros. Habla espa\u00f1ol con fluidez.<\/p>\n<p>[\/vc_column_text]<div class=\" text-left page-scroll\"><a class=\"btn btn-alt btn-default \" target=\"_blank\" href=\"https:\/\/www.cincottaadvisory.com\/wp-content\/uploads\/2017\/Archivos%20enlazados\/FionaCincottaExtendedCurriculumVitae.pdf\" ><i class=\"ion-android-add\"><\/i>Curriculum Vitae<\/a><\/div>[vc_column_text css=\u00bb.vc_custom_1498500357339{padding-top: 10px !important;}\u00bb]<\/p>\n<p style=\"text-align: justify;\">fiona.cincotta@cincottaadvisory.com<br \/>\nEng. 0044 (0) 797 333 6562<br \/>\nArg. +54 (9) 221 355 3283<\/p>\n<p>[\/vc_column_text][\/vc_column_inner][\/vc_row_inner][\/vc_column][\/vc_row][vc_row el_class=\u00bbworks\u00bb padding_top=\u00bb100&#8243; padding_bottom=\u00bb100&#8243; margin_right=\u00bb0&#8243; margin_left=\u00bb0&#8243; bg_color=\u00bb#f4f4f4&#8243; el_id=\u00bbpress\u00bb][vc_column css=\u00bb.vc_custom_1464434500109{padding-right: 0px !important;padding-left: 0px !important;}\u00bb][vc_custom_heading divide_line=\u00bbyes\u00bb divide_line_width=\u00bb70&#8243; divide_line_color=\u00bb#000000&#8243; divide_line_align=\u00bbcenter\u00bb text=\u00bbPrensa y publicaciones\u00bb font_container=\u00bbtag:h4|text_align:center\u00bb use_theme_fonts=\u00bbyes\u00bb][vc_row_inner equal_height=\u00bbyes\u00bb content_placement=\u00bbmiddle\u00bb][vc_column_inner width=\u00bb1\/3&#8243;]<div class=\" service-box service-box-style-3 text-left \">\r\n\t\t\t\t\t<div class=\"service-box-style-3-icon\">\r\n\t\t\t\t\t\t<a href=\"https:\/\/www.cincottaadvisory.com\/wp-content\/uploads\/2017\/Archivos%20enlazados\/Nota1.pdf\" target=\"_self\"><h5 class=\"service-box-text\">01<\/h5><\/a>\r\n\t\t\t\t\t<\/div>\r\n\t\t\t\t\t<div class=\"service-box-style-3-text\">\r\n\t\t\t\t\t\t<h6 class=\"heading\"><a href=\"https:\/\/www.cincottaadvisory.com\/wp-content\/uploads\/2017\/Archivos%20enlazados\/Nota1.pdf\" target=\"_self\">A woman's place? These days, it's in the trading room<\/a><\/h6>\r\n\t\t\t\t\t\t<p><a href=\"https:\/\/www.cincottaadvisory.com\/wp-content\/uploads\/2017\/Archivos%20enlazados\/Nota1.pdf\">It&#8217;s no place for the faint of heart. This image has&#8230; (+)<\/a><\/p>\n\r\n\t\t\t\t\t<\/div>\r\n\t\t\t\t<\/div>[vc_empty_space height=\u00bb10px\u00bb]<div class=\" service-box service-box-style-3 text-left \">\r\n\t\t\t\t\t<div class=\"service-box-style-3-icon\">\r\n\t\t\t\t\t\t<a href=\"https:\/\/www.cincottaadvisory.com\/wp-content\/uploads\/2017\/Archivos%20enlazados\/Nota2.pdf\" target=\"_self\"><h5 class=\"service-box-text\">02<\/h5><\/a>\r\n\t\t\t\t\t<\/div>\r\n\t\t\t\t\t<div class=\"service-box-style-3-text\">\r\n\t\t\t\t\t\t<h6 class=\"heading\"><a href=\"https:\/\/www.cincottaadvisory.com\/wp-content\/uploads\/2017\/Archivos%20enlazados\/Nota2.pdf\" target=\"_self\">Tax avoidance in Europe<\/a><\/h6>\r\n\t\t\t\t\t\t<p><a href=\"https:\/\/www.cincottaadvisory.com\/wp-content\/uploads\/2017\/Archivos%20enlazados\/Nota1.pdf\">What is tax avoidance? The Oxford English dictionary de nes tax avoidance as follows&#8230; (+)<\/a><\/p>\n\r\n\t\t\t\t\t<\/div>\r\n\t\t\t\t<\/div>[vc_empty_space height=\u00bb10px\u00bb]<div class=\" service-box service-box-style-3 text-left \">\r\n\t\t\t\t\t<div class=\"service-box-style-3-icon\">\r\n\t\t\t\t\t\t<a href=\"https:\/\/www.cincottaadvisory.com\/wp-content\/uploads\/2017\/Archivos%20enlazados\/Nota3.pdf\" target=\"_self\"><h5 class=\"service-box-text\">03<\/h5><\/a>\r\n\t\t\t\t\t<\/div>\r\n\t\t\t\t\t<div class=\"service-box-style-3-text\">\r\n\t\t\t\t\t\t<h6 class=\"heading\"><a href=\"https:\/\/www.cincottaadvisory.com\/wp-content\/uploads\/2017\/Archivos%20enlazados\/Nota3.pdf\" target=\"_self\">Juicios contra el Estado en relaci\u00f3n a impuestos en virtud de los Tratados Bilaterales de Inversi\u00f3n<\/a><\/h6>\r\n\t\t\t\t\t\t<p><a href=\"https:\/\/www.cincottaadvisory.com\/wp-content\/uploads\/2017\/Archivos%20enlazados\/Nota3.pdf\">En los \u00faltimos a\u00f1os, hemos sido&#8230; (+)<\/a><\/p>\n\r\n\t\t\t\t\t<\/div>\r\n\t\t\t\t<\/div>[vc_empty_space height=\u00bb10px\u00bb]<div class=\" service-box service-box-style-3 text-left \">\r\n\t\t\t\t\t<div class=\"service-box-style-3-icon\">\r\n\t\t\t\t\t\t<a href=\"https:\/\/www.cincottaadvisory.com\/wp-content\/uploads\/2017\/Archivos%20enlazados\/Nota4.pdf\" target=\"_self\"><h5 class=\"service-box-text\">04<\/h5><\/a>\r\n\t\t\t\t\t<\/div>\r\n\t\t\t\t\t<div class=\"service-box-style-3-text\">\r\n\t\t\t\t\t\t<h6 class=\"heading\"><a href=\"https:\/\/www.cincottaadvisory.com\/wp-content\/uploads\/2017\/Archivos%20enlazados\/Nota4.pdf\" target=\"_self\">La importancia de negociar con los fondos buitre<\/a><\/h6>\r\n\t\t\t\t\t\t<p><a href=\"https:\/\/www.cincottaadvisory.com\/wp-content\/uploads\/2017\/Archivos%20enlazados\/Nota4.pdf\">La importancia de negociar con los fondos buitre&#8230;(+)<\/a><\/p>\n\r\n\t\t\t\t\t<\/div>\r\n\t\t\t\t<\/div>[\/vc_column_inner][vc_column_inner width=\u00bb1\/3&#8243;][\/vc_column_inner][vc_column_inner width=\u00bb1\/3&#8243;][vc_custom_heading text=\u00bbSuscribite al newsletter\u00bb font_container=\u00bbtag:h4|text_align:left\u00bb use_theme_fonts=\u00bbyes\u00bb][vc_column_text][mc4wp_form][\/vc_column_text][\/vc_column_inner][\/vc_row_inner][\/vc_column][\/vc_row][vc_row el_id=\u00bbcontactus\u00bb][vc_column][vc_custom_heading divide_line=\u00bbyes\u00bb divide_line_width=\u00bb70&#8243; divide_line_color=\u00bb#000000&#8243; divide_line_align=\u00bbcenter\u00bb text=\u00bbContactanos\u00bb font_container=\u00bbtag:h4|text_align:center\u00bb use_theme_fonts=\u00bbyes\u00bb][vc_row_inner][vc_column_inner width=\u00bb1\/2&#8243;]\n<div class=\"wpcf7 no-js\" id=\"wpcf7-f4819-o1\" lang=\"es-ES\" dir=\"ltr\" data-wpcf7-id=\"4819\">\n<div class=\"screen-reader-response\"><p role=\"status\" aria-live=\"polite\" aria-atomic=\"true\"><\/p> <ul><\/ul><\/div>\n<form action=\"\/es\/wp-json\/wp\/v2\/pages\/4813#wpcf7-f4819-o1\" method=\"post\" class=\"wpcf7-form init\" aria-label=\"Formulario de contacto\" novalidate=\"novalidate\" data-status=\"init\">\n<div style=\"display: none;\">\n<input type=\"hidden\" name=\"_wpcf7\" value=\"4819\" \/>\n<input type=\"hidden\" name=\"_wpcf7_version\" value=\"6.0.3\" \/>\n<input type=\"hidden\" name=\"_wpcf7_locale\" value=\"es_ES\" \/>\n<input type=\"hidden\" name=\"_wpcf7_unit_tag\" value=\"wpcf7-f4819-o1\" \/>\n<input type=\"hidden\" name=\"_wpcf7_container_post\" value=\"0\" \/>\n<input type=\"hidden\" name=\"_wpcf7_posted_data_hash\" value=\"\" \/>\n<input type=\"hidden\" name=\"_wpcf7_recaptcha_response\" value=\"\" \/>\n<\/div>\n<p><label> Nombre<br \/>\n<span class=\"wpcf7-form-control-wrap\" data-name=\"your-name\"><input size=\"40\" maxlength=\"400\" class=\"wpcf7-form-control wpcf7-text wpcf7-validates-as-required\" aria-required=\"true\" aria-invalid=\"false\" value=\"\" type=\"text\" name=\"your-name\" \/><\/span> <\/label>\n<\/p>\n<p><label> Tel\u00e9fono Celular<br \/>\n<span class=\"wpcf7-form-control-wrap\" data-name=\"telephone\"><input size=\"40\" maxlength=\"400\" class=\"wpcf7-form-control wpcf7-text wpcf7-validates-as-required\" aria-required=\"true\" aria-invalid=\"false\" value=\"\" type=\"text\" name=\"telephone\" \/><\/span> <\/label>\n<\/p>\n<p><label> Compa\u00f1\u00eda (opcional)<br \/>\n<span class=\"wpcf7-form-control-wrap\" data-name=\"company\"><input size=\"40\" maxlength=\"400\" class=\"wpcf7-form-control wpcf7-text wpcf7-validates-as-required\" aria-required=\"true\" aria-invalid=\"false\" value=\"\" type=\"text\" name=\"company\" \/><\/span> <\/label>\n<\/p>\n<p><label> Direcci\u00f3n de Email<br \/>\n<span class=\"wpcf7-form-control-wrap\" data-name=\"your-email\"><input size=\"40\" maxlength=\"400\" class=\"wpcf7-form-control wpcf7-email wpcf7-validates-as-required wpcf7-text wpcf7-validates-as-email\" aria-required=\"true\" aria-invalid=\"false\" value=\"\" type=\"email\" name=\"your-email\" \/><\/span> <\/label>\n<\/p>\n<p><label> Consulta<br \/>\n<span class=\"wpcf7-form-control-wrap\" data-name=\"your-message\"><textarea cols=\"40\" rows=\"10\" maxlength=\"2000\" class=\"wpcf7-form-control wpcf7-textarea\" aria-invalid=\"false\" name=\"your-message\"><\/textarea><\/span> <\/label>\n<\/p>\n<p><input class=\"wpcf7-form-control wpcf7-submit has-spinner\" type=\"submit\" value=\"Enviar Mensaje\" \/>\n<\/p>\n<p style=\"display: none !important;\" class=\"akismet-fields-container\" data-prefix=\"_wpcf7_ak_\"><label>&#916;<textarea name=\"_wpcf7_ak_hp_textarea\" cols=\"45\" rows=\"8\" maxlength=\"100\"><\/textarea><\/label><input type=\"hidden\" id=\"ak_js_1\" name=\"_wpcf7_ak_js\" value=\"52\"\/><script>document.getElementById( \"ak_js_1\" ).setAttribute( \"value\", ( new Date() ).getTime() );<\/script><\/p><div class=\"wpcf7-response-output\" aria-hidden=\"true\"><\/div>\n<\/form>\n<\/div>\n[\/vc_column_inner][vc_column_inner width=\u00bb1\/2&#8243;][vc_custom_heading text=\u00bbContactanos\u00bb font_container=\u00bbtag:h4|text_align:left\u00bb use_theme_fonts=\u00bbyes\u00bb][vc_column_text]Si necesita m\u00e1s informaci\u00f3n, no dude en ponerse en contacto con Cincotta Advisors, alternativamente llene nuestro formulario de contacto a la izquierda. Gracias.[\/vc_column_text][vc_column_text]<a href=\"mailto:info@cincottaadvisory.com\">info@cincottaadvisory.com<br \/>\n<\/a>Eng. 0044 (0) 797 333 6562<br \/>\nArg. +54 (9) 221 355 3276[\/vc_column_text]<span class=\" agni-icon \" style=\"border-radius:50%; color:#ffffff; \"><i class=\"ion-social-twitter  \" style=\"font-size:32px; border-radius:50%; color:#000000; \"><\/i><\/span><span class=\" agni-icon \" style=\"border-radius:50%; color:#ffffff; \"><i class=\"ion-social-linkedin  \" style=\"font-size:32px; border-radius:50%; color:#000000; \"><\/i><\/span>[\/vc_column_inner][\/vc_row_inner][\/vc_column][\/vc_row]<\/p>\n","protected":false},"excerpt":{"rendered":"<p>[vc_row][vc_column][\/vc_column][\/vc_row][vc_row bg_choice=\u00bb2&#8243; el_id=\u00bbintro\u00bb el_class=\u00bbintro\u00bb padding_top=\u00bb140&#8243; padding_bottom=\u00bb140&#8243; bg_image=\u00bb4730&#8243;][vc_column white=\u00bbwhite\u00bb width=\u00bb5\/6&#8243; animation=\u00bbfadeIn\u00bb offset=\u00bbvc_col-md-offset-2 vc_col-md-8 vc_col-sm-offset-1&#8243; animation_delay=\u00bb0.2&#8243; animation_duration=\u00bb0.4&#8243; animation_offset=\u00bb70%\u00bb][vc_custom_heading text=\u00bbQuienes somos\u00bb font_container=\u00bbtag:h3|text_align:center\u00bb use_theme_fonts=\u00bbyes\u00bb][vc_column_text] Somos una consultora internacional, con especial presencia en Inglaterra y Argentina. La consultora se especializa en Asesoramiento Legal, An\u00e1lisis Financiero de los mercados y en ense\u00f1ar Ingl\u00e9s Legal. El socio gerente, Dr. Federico Miguel Amadeo [&hellip;]<\/p>\n","protected":false},"author":1,"featured_media":0,"parent":0,"menu_order":0,"comment_status":"closed","ping_status":"closed","template":"","meta":{"footnotes":""},"class_list":["post-4813","page","type-page","status-publish","hentry"],"aioseo_notices":[],"_links":{"self":[{"href":"https:\/\/www.cincottaadvisory.com\/es\/wp-json\/wp\/v2\/pages\/4813","targetHints":{"allow":["GET"]}}],"collection":[{"href":"https:\/\/www.cincottaadvisory.com\/es\/wp-json\/wp\/v2\/pages"}],"about":[{"href":"https:\/\/www.cincottaadvisory.com\/es\/wp-json\/wp\/v2\/types\/page"}],"author":[{"embeddable":true,"href":"https:\/\/www.cincottaadvisory.com\/es\/wp-json\/wp\/v2\/users\/1"}],"replies":[{"embeddable":true,"href":"https:\/\/www.cincottaadvisory.com\/es\/wp-json\/wp\/v2\/comments?post=4813"}],"version-history":[{"count":11,"href":"https:\/\/www.cincottaadvisory.com\/es\/wp-json\/wp\/v2\/pages\/4813\/revisions"}],"predecessor-version":[{"id":4851,"href":"https:\/\/www.cincottaadvisory.com\/es\/wp-json\/wp\/v2\/pages\/4813\/revisions\/4851"}],"wp:attachment":[{"href":"https:\/\/www.cincottaadvisory.com\/es\/wp-json\/wp\/v2\/media?parent=4813"}],"curies":[{"name":"wp","href":"https:\/\/api.w.org\/{rel}","templated":true}]}}