{"id":5081,"date":"2018-08-21T01:02:14","date_gmt":"2018-08-21T01:02:14","guid":{"rendered":"http:\/\/www.cincottaadvisory.com\/?page_id=5081"},"modified":"2018-11-07T14:44:59","modified_gmt":"2018-11-07T14:44:59","slug":"curso-ingles-legal","status":"publish","type":"page","link":"https:\/\/www.cincottaadvisory.com\/es\/curso-ingles-legal\/","title":{"rendered":"Curso Ingl\u00e9s Legal"},"content":{"rendered":"<p>[vc_row fullwidth=\u00bbhas-fullwidth-column-no-padding\u00bb act_as_table=\u00bbact_as_table\u00bb margin_top=\u00bb0px\u00bb padding_top=\u00bb0px\u00bb padding_bottom=\u00bb0px\u00bb border_top=\u00bb0px\u00bb border_bottom=\u00bb0px\u00bb][vc_column width=\u00bb1\/2&#8243; css=\u00bb.vc_custom_1528932459575{margin-top: 0px !important;margin-bottom: 0px !important;border-top-width: 0px !important;border-bottom-width: 0px !important;padding-top: 200px !important;padding-bottom: 200px !important;background-image: url(https:\/\/www.cincottaadvisory.com\/wp-content\/uploads\/2016\/05\/5.jpg?id=4717) !important;background-position: center !important;background-repeat: no-repeat !important;background-size: cover !important;}\u00bb][\/vc_column][vc_column width=\u00bb1\/2&#8243; css=\u00bb.vc_custom_1528929341568{padding-top: 8.5% !important;padding-right: 8.5% !important;padding-bottom: 8.5% !important;padding-left: 8.5% !important;}\u00bb][vc_row_inner][vc_column_inner width=\u00bb2\/3&#8243;][vc_custom_heading text=\u00bbCurso Ingl\u00e9s Legal\u00bb font_container=\u00bbtag:h3|text_align:left\u00bb use_theme_fonts=\u00bbyes\u00bb][\/vc_column_inner][vc_column_inner width=\u00bb1\/3&#8243;]<div class=\" agni-image custom-image-container text-right\"><div class=\"wpb_wrapper\"><img loading=\"lazy\" decoding=\"async\" style=\"\" class=\"fullwidth-image attachment-58X66  \" src=\"https:\/\/www.cincottaadvisory.com\/wp-content\/uploads\/2016\/05\/logotoles-58x66.jpg\" width=\"58\" height=\"66\" alt=\"logotoles\" title=\"logotoles\" \/><\/div><\/div>[\/vc_column_inner][\/vc_row_inner][vc_column_text css=\u00bb.vc_custom_1541601894285{padding-top: 10px !important;}\u00bb]<\/p>\n<p style=\"text-align: justify;\">La consultora tambi\u00e9n se especializa en ense\u00f1ar Ingl\u00e9s Legal. Dictamos cursos de Ingl\u00e9s Legal, especialmente para la preparaci\u00f3n del examen TOLES (Test of Legal English Skills).\u00a0Tambi\u00e9n ofrecemos cursos de ingl\u00e9s legales a medida.<\/p>\n<p style=\"text-align: justify;\">Somos un centro acreditado TOLES en Argentina para los siguientes ex\u00e1menes: Toles Foundation, Toles Advanced y Toles Higher. Los ex\u00e1menes TOLES se consideran los ex\u00e1menes m\u00e1s prestigiosos de ingl\u00e9s legal a nivel internacional, reconocidos entre otros por The Law Society de Inglaterra y Gales, el Banco Central Europeo o el Tribunal Europeo de Justicia.<\/p>\n<p style=\"text-align: justify;\">Para m\u00e1s detalles sobre los ex\u00e1menes internacionales TOLES por favor visite <a href=\"http:\/\/www.toles.co.uk\">www.toles.co.uk<\/a><\/p>\n<p>[\/vc_column_text][\/vc_column][\/vc_row]<\/p>\n","protected":false},"excerpt":{"rendered":"<p>[vc_row fullwidth=\u00bbhas-fullwidth-column-no-padding\u00bb act_as_table=\u00bbact_as_table\u00bb margin_top=\u00bb0px\u00bb padding_top=\u00bb0px\u00bb padding_bottom=\u00bb0px\u00bb border_top=\u00bb0px\u00bb border_bottom=\u00bb0px\u00bb][vc_column width=\u00bb1\/2&#8243; css=\u00bb.vc_custom_1528932459575{margin-top: 0px !important;margin-bottom: 0px !important;border-top-width: 0px !important;border-bottom-width: 0px !important;padding-top: 200px !important;padding-bottom: 200px !important;background-image: url(https:\/\/www.cincottaadvisory.com\/wp-content\/uploads\/2016\/05\/5.jpg?id=4717) !important;background-position: center !important;background-repeat: no-repeat !important;background-size: cover !important;}\u00bb][\/vc_column][vc_column width=\u00bb1\/2&#8243; css=\u00bb.vc_custom_1528929341568{padding-top: 8.5% !important;padding-right: 8.5% !important;padding-bottom: 8.5% !important;padding-left: 8.5% !important;}\u00bb][vc_row_inner][vc_column_inner width=\u00bb2\/3&#8243;][vc_custom_heading text=\u00bbCurso Ingl\u00e9s Legal\u00bb font_container=\u00bbtag:h3|text_align:left\u00bb use_theme_fonts=\u00bbyes\u00bb][\/vc_column_inner][vc_column_inner width=\u00bb1\/3&#8243;][\/vc_column_inner][\/vc_row_inner][vc_column_text css=\u00bb.vc_custom_1541601894285{padding-top: 10px !important;}\u00bb] La consultora tambi\u00e9n se especializa [&hellip;]<\/p>\n","protected":false},"author":1,"featured_media":0,"parent":0,"menu_order":0,"comment_status":"closed","ping_status":"closed","template":"","meta":{"footnotes":""},"class_list":["post-5081","page","type-page","status-publish","hentry"],"aioseo_notices":[],"_links":{"self":[{"href":"https:\/\/www.cincottaadvisory.com\/es\/wp-json\/wp\/v2\/pages\/5081","targetHints":{"allow":["GET"]}}],"collection":[{"href":"https:\/\/www.cincottaadvisory.com\/es\/wp-json\/wp\/v2\/pages"}],"about":[{"href":"https:\/\/www.cincottaadvisory.com\/es\/wp-json\/wp\/v2\/types\/page"}],"author":[{"embeddable":true,"href":"https:\/\/www.cincottaadvisory.com\/es\/wp-json\/wp\/v2\/users\/1"}],"replies":[{"embeddable":true,"href":"https:\/\/www.cincottaadvisory.com\/es\/wp-json\/wp\/v2\/comments?post=5081"}],"version-history":[{"count":4,"href":"https:\/\/www.cincottaadvisory.com\/es\/wp-json\/wp\/v2\/pages\/5081\/revisions"}],"predecessor-version":[{"id":5338,"href":"https:\/\/www.cincottaadvisory.com\/es\/wp-json\/wp\/v2\/pages\/5081\/revisions\/5338"}],"wp:attachment":[{"href":"https:\/\/www.cincottaadvisory.com\/es\/wp-json\/wp\/v2\/media?parent=5081"}],"curies":[{"name":"wp","href":"https:\/\/api.w.org\/{rel}","templated":true}]}}