{"id":5083,"date":"2018-08-21T01:04:41","date_gmt":"2018-08-21T01:04:41","guid":{"rendered":"http:\/\/www.cincottaadvisory.com\/?page_id=5083"},"modified":"2018-10-03T15:06:33","modified_gmt":"2018-10-03T15:06:33","slug":"analisis-mercado-financiero","status":"publish","type":"page","link":"https:\/\/www.cincottaadvisory.com\/es\/analisis-mercado-financiero\/","title":{"rendered":"An\u00e1lisis Mercado Financiero"},"content":{"rendered":"<p>[vc_row fullwidth=\u00bbhas-fullwidth-column-no-padding\u00bb act_as_table=\u00bbact_as_table\u00bb margin_top=\u00bb0px\u00bb padding_top=\u00bb0px\u00bb padding_bottom=\u00bb0px\u00bb border_top=\u00bb0px\u00bb border_bottom=\u00bb0px\u00bb][vc_column width=\u00bb1\/2&#8243; css=\u00bb.vc_custom_1528932261512{margin-top: 0px !important;margin-bottom: 0px !important;border-top-width: 0px !important;border-bottom-width: 0px !important;padding-top: 200px !important;padding-bottom: 200px !important;background-image: url(https:\/\/www.cincottaadvisory.com\/wp-content\/uploads\/2016\/05\/4.jpg?id=4716) !important;background-position: center !important;background-repeat: no-repeat !important;background-size: cover !important;}\u00bb][\/vc_column][vc_column width=\u00bb1\/2&#8243; css=\u00bb.vc_custom_1528929341568{padding-top: 8.5% !important;padding-right: 8.5% !important;padding-bottom: 8.5% !important;padding-left: 8.5% !important;}\u00bb][vc_custom_heading text=\u00bbFinancial Market Analysis\u00bb font_container=\u00bbtag:h3|text_align:left\u00bb use_theme_fonts=\u00bbyes\u00bb][vc_column_text css=\u00bb.vc_custom_1534813474008{padding-top: 10px !important;}\u00bb]<\/p>\n<p style=\"text-align: justify;\">Entendemos que Ud. necesita estar bien informado para tomar la mejor decisi\u00f3n posible de inversi\u00f3n. La consultora Cincotta provee an\u00e1lisis profundos sobre los mercados, haciendo m\u00e1s f\u00e1cil tu decisi\u00f3n de inversi\u00f3n estrat\u00e9gica.<\/p>\n<p>[\/vc_column_text][\/vc_column][\/vc_row]<\/p>\n","protected":false},"excerpt":{"rendered":"<p>[vc_row fullwidth=\u00bbhas-fullwidth-column-no-padding\u00bb act_as_table=\u00bbact_as_table\u00bb margin_top=\u00bb0px\u00bb padding_top=\u00bb0px\u00bb padding_bottom=\u00bb0px\u00bb border_top=\u00bb0px\u00bb border_bottom=\u00bb0px\u00bb][vc_column width=\u00bb1\/2&#8243; css=\u00bb.vc_custom_1528932261512{margin-top: 0px !important;margin-bottom: 0px !important;border-top-width: 0px !important;border-bottom-width: 0px !important;padding-top: 200px !important;padding-bottom: 200px !important;background-image: url(https:\/\/www.cincottaadvisory.com\/wp-content\/uploads\/2016\/05\/4.jpg?id=4716) !important;background-position: center !important;background-repeat: no-repeat !important;background-size: cover !important;}\u00bb][\/vc_column][vc_column width=\u00bb1\/2&#8243; css=\u00bb.vc_custom_1528929341568{padding-top: 8.5% !important;padding-right: 8.5% !important;padding-bottom: 8.5% !important;padding-left: 8.5% !important;}\u00bb][vc_custom_heading text=\u00bbFinancial Market Analysis\u00bb font_container=\u00bbtag:h3|text_align:left\u00bb use_theme_fonts=\u00bbyes\u00bb][vc_column_text css=\u00bb.vc_custom_1534813474008{padding-top: 10px !important;}\u00bb] Entendemos que Ud. necesita estar bien informado [&hellip;]<\/p>\n","protected":false},"author":1,"featured_media":0,"parent":0,"menu_order":0,"comment_status":"closed","ping_status":"closed","template":"","meta":{"footnotes":""},"class_list":["post-5083","page","type-page","status-publish","hentry"],"aioseo_notices":[],"_links":{"self":[{"href":"https:\/\/www.cincottaadvisory.com\/es\/wp-json\/wp\/v2\/pages\/5083","targetHints":{"allow":["GET"]}}],"collection":[{"href":"https:\/\/www.cincottaadvisory.com\/es\/wp-json\/wp\/v2\/pages"}],"about":[{"href":"https:\/\/www.cincottaadvisory.com\/es\/wp-json\/wp\/v2\/types\/page"}],"author":[{"embeddable":true,"href":"https:\/\/www.cincottaadvisory.com\/es\/wp-json\/wp\/v2\/users\/1"}],"replies":[{"embeddable":true,"href":"https:\/\/www.cincottaadvisory.com\/es\/wp-json\/wp\/v2\/comments?post=5083"}],"version-history":[{"count":1,"href":"https:\/\/www.cincottaadvisory.com\/es\/wp-json\/wp\/v2\/pages\/5083\/revisions"}],"predecessor-version":[{"id":5084,"href":"https:\/\/www.cincottaadvisory.com\/es\/wp-json\/wp\/v2\/pages\/5083\/revisions\/5084"}],"wp:attachment":[{"href":"https:\/\/www.cincottaadvisory.com\/es\/wp-json\/wp\/v2\/media?parent=5083"}],"curies":[{"name":"wp","href":"https:\/\/api.w.org\/{rel}","templated":true}]}}