{"id":5085,"date":"2018-08-21T01:08:09","date_gmt":"2018-08-21T01:08:09","guid":{"rendered":"http:\/\/www.cincottaadvisory.com\/?page_id=5085"},"modified":"2021-03-01T21:17:00","modified_gmt":"2021-03-01T21:17:00","slug":"profesionales","status":"publish","type":"page","link":"https:\/\/www.cincottaadvisory.com\/es\/profesionales\/","title":{"rendered":"Profesionales"},"content":{"rendered":"<p>[vc_row][vc_column][vc_custom_heading text=\u00bbProfesionales\u00bb font_container=\u00bbtag:h2|text_align:center\u00bb use_theme_fonts=\u00bbyes\u00bb][vc_empty_space height=\u00bb20px\u00bb][vc_row_inner][vc_column_inner width=\u00bb1\/4&#8243;][\/vc_column_inner][vc_column_inner width=\u00bb1\/2&#8243;]<div class=\" agni-image custom-image-container text-center\"><div class=\"wpb_wrapper\"><img loading=\"lazy\" decoding=\"async\" style=\"\" width=\"683\" height=\"1024\" src=\"https:\/\/www.cincottaadvisory.com\/wp-content\/uploads\/2019\/10\/cincottaFederico-683x1024.jpg\" class=\"fullwidth-image attachment-large  attachment-large\" alt=\"\" srcset=\"https:\/\/www.cincottaadvisory.com\/wp-content\/uploads\/2019\/10\/cincottaFederico-683x1024.jpg 683w, https:\/\/www.cincottaadvisory.com\/wp-content\/uploads\/2019\/10\/cincottaFederico-200x300.jpg 200w, https:\/\/www.cincottaadvisory.com\/wp-content\/uploads\/2019\/10\/cincottaFederico-768x1151.jpg 768w, https:\/\/www.cincottaadvisory.com\/wp-content\/uploads\/2019\/10\/cincottaFederico-640x959.jpg 640w, https:\/\/www.cincottaadvisory.com\/wp-content\/uploads\/2019\/10\/cincottaFederico.jpg 854w\" sizes=\"auto, (max-width: 683px) 100vw, 683px\" \/><\/div><\/div>[vc_custom_heading text=\u00bbFederico Miguel Amadeo Cincotta\u00bb font_container=\u00bbtag:h4|text_align:center\u00bb use_theme_fonts=\u00bbyes\u00bb][vc_custom_heading text=\u00bbSocio Gerente\u00bb font_container=\u00bbtag:p|text_align:center\u00bb use_theme_fonts=\u00bbyes\u00bb][vc_column_text css=\u00bb.vc_custom_1543927535468{padding-top: 10px !important;}\u00bb]<\/p>\n<p style=\"text-align: justify;\">Federico es el \u00fanico practising Solicitor de Inglaterra &amp; Gales en Argentina y abogado argentino. Tiene casi 20 a\u00f1os de experiencia laboral, 8 de los cuales fueron en Londres. Gestiona su propia firma boutique asesorando principalmente a clientes internacionales (empresas multinacionales y nacionales, individuos de alto poder adquisitivo y gobiernos) sobre aspectos de legislaci\u00f3n inglesa y argentina. Adem\u00e1s, es profesor de la Universidad Nacional de la Plata en el Curso de Posgrado y en el Colegio de Abogados de La Plata, dictando clases de Ingl\u00e9s Legal. Ha trabajado como abogado y solicitor en los mejores estudios jur\u00eddicos del mundo y entrenado con l\u00edderes en su campo. Habla espa\u00f1ol e ingl\u00e9s<\/p>\n<p>[\/vc_column_text]<div class=\" text-left page-scroll\"><a class=\"btn btn-alt btn-default \" target=\"_blank\" href=\"https:\/\/www.cincottaadvisory.com\/wp-content\/uploads\/2017\/Archivos%20enlazados\/FedericoMiguelAmadeoCincottaCV.pdf\" ><i class=\"ion-android-add\"><\/i>Curriculum Vitae<\/a><\/div>[vc_column_text css=\u00bb.vc_custom_1614633389912{padding-top: 10px !important;}\u00bb]federico.cincotta@cincottaadvisory.com<br \/>\nEng. +44 (0) 7901 954011[\/vc_column_text][\/vc_column_inner][vc_column_inner width=\u00bb1\/4&#8243;][\/vc_column_inner][\/vc_row_inner][\/vc_column][\/vc_row]<\/p>\n","protected":false},"excerpt":{"rendered":"<p>[vc_row][vc_column][vc_custom_heading text=\u00bbProfesionales\u00bb font_container=\u00bbtag:h2|text_align:center\u00bb use_theme_fonts=\u00bbyes\u00bb][vc_empty_space height=\u00bb20px\u00bb][vc_row_inner][vc_column_inner width=\u00bb1\/4&#8243;][\/vc_column_inner][vc_column_inner width=\u00bb1\/2&#8243;][vc_custom_heading text=\u00bbFederico Miguel Amadeo Cincotta\u00bb font_container=\u00bbtag:h4|text_align:center\u00bb use_theme_fonts=\u00bbyes\u00bb][vc_custom_heading text=\u00bbSocio Gerente\u00bb font_container=\u00bbtag:p|text_align:center\u00bb use_theme_fonts=\u00bbyes\u00bb][vc_column_text css=\u00bb.vc_custom_1543927535468{padding-top: 10px !important;}\u00bb] Federico es el \u00fanico practising Solicitor de Inglaterra &amp; Gales en Argentina y abogado argentino. Tiene casi 20 a\u00f1os de experiencia laboral, 8 de los cuales fueron en Londres. Gestiona su propia firma boutique asesorando [&hellip;]<\/p>\n","protected":false},"author":1,"featured_media":0,"parent":0,"menu_order":0,"comment_status":"closed","ping_status":"closed","template":"","meta":{"footnotes":""},"class_list":["post-5085","page","type-page","status-publish","hentry"],"aioseo_notices":[],"_links":{"self":[{"href":"https:\/\/www.cincottaadvisory.com\/es\/wp-json\/wp\/v2\/pages\/5085","targetHints":{"allow":["GET"]}}],"collection":[{"href":"https:\/\/www.cincottaadvisory.com\/es\/wp-json\/wp\/v2\/pages"}],"about":[{"href":"https:\/\/www.cincottaadvisory.com\/es\/wp-json\/wp\/v2\/types\/page"}],"author":[{"embeddable":true,"href":"https:\/\/www.cincottaadvisory.com\/es\/wp-json\/wp\/v2\/users\/1"}],"replies":[{"embeddable":true,"href":"https:\/\/www.cincottaadvisory.com\/es\/wp-json\/wp\/v2\/comments?post=5085"}],"version-history":[{"count":10,"href":"https:\/\/www.cincottaadvisory.com\/es\/wp-json\/wp\/v2\/pages\/5085\/revisions"}],"predecessor-version":[{"id":6118,"href":"https:\/\/www.cincottaadvisory.com\/es\/wp-json\/wp\/v2\/pages\/5085\/revisions\/6118"}],"wp:attachment":[{"href":"https:\/\/www.cincottaadvisory.com\/es\/wp-json\/wp\/v2\/media?parent=5085"}],"curies":[{"name":"wp","href":"https:\/\/api.w.org\/{rel}","templated":true}]}}