{"id":5231,"date":"2018-06-13T22:34:27","date_gmt":"2018-06-13T22:34:27","guid":{"rendered":"http:\/\/www.cincottaadvisory.com\/companyprofile\/"},"modified":"2021-04-15T12:16:52","modified_gmt":"2021-04-15T12:16:52","slug":"companyprofile","status":"publish","type":"page","link":"https:\/\/www.cincottaadvisory.com\/es\/companyprofile\/","title":{"rendered":"Perfil de la Compa\u00f1\u00eda"},"content":{"rendered":"<p>[vc_row fullwidth=\u00bbhas-fullwidth-column-no-padding\u00bb act_as_table=\u00bbact_as_table\u00bb margin_top=\u00bb0px\u00bb padding_top=\u00bb0px\u00bb padding_bottom=\u00bb0px\u00bb border_top=\u00bb0px\u00bb border_bottom=\u00bb0px\u00bb][vc_column width=\u00bb1\/2&#8243; css=\u00bb.vc_custom_1528929515441{margin-top: 0px !important;margin-bottom: 0px !important;border-top-width: 0px !important;border-bottom-width: 0px !important;padding-top: 200px !important;padding-bottom: 200px !important;background-image: url(https:\/\/www.cincottaadvisory.com\/wp-content\/uploads\/2016\/05\/3.jpg?id=4715) !important;background-position: center !important;background-repeat: no-repeat !important;background-size: cover !important;}\u00bb][\/vc_column][vc_column width=\u00bb1\/2&#8243; css=\u00bb.vc_custom_1528929341568{padding-top: 8.5% !important;padding-right: 8.5% !important;padding-bottom: 8.5% !important;padding-left: 8.5% !important;}\u00bb][vc_custom_heading text=\u00bbPerfil de la Compa\u00f1\u00eda\u00bb font_container=\u00bbtag:h3|text_align:left\u00bb use_theme_fonts=\u00bbyes\u00bb][vc_column_text css=\u00bb.vc_custom_1543927390024{padding-top: 10px !important;}\u00bb]<\/p>\n<p style=\"text-align: justify;\">Somos una firma de consultor\u00eda internacional, con una presencia especialmente fuerte en Europa y Am\u00e9rica Latina \u2013 con oficinas en Londres, Buenos Aires y La Plata, que funcionan como un puente entre ambos continentes. La firma se especializa en asesoramiento legal y comercial. El socio gerente, el Dr. Federico Miguel Amadeo Cincotta, es el \u00fanico practising Solicitor de Inglaterra y Gales y abogado en Argentina.<\/p>\n<p style=\"text-align: justify;\"><span style=\"font-weight: 400;\">En Cincotta International Advisory Firm nos enfocamos en servicios legales y comerciales, brindando soluciones innovadoras para empresas, gobiernos, start-ups\u00a0y clientes particulares. Las \u00e1reas de derecho en las que operamos incluyen: empresario, comercial, aduanero, comercio internacional, bienes ra\u00edces, litigios, transferencia de activos, empleo, familia, inmigraci\u00f3n y clientes privados. Si busca asesoramiento para expandirse en el Reino Unido, Argentina &#8211; o en cualquier otro lugar -, somos capaces de proporcionar una soluci\u00f3n a medida.<\/span><\/p>\n<p style=\"text-align: justify;\"><span style=\"font-weight: 400;\">Esta firma boutique ofrece asesoramiento sofisticado y de alta calidad a clientes internacionales y locales en asuntos de derecho ingl\u00e9s y argentino. Somos la primera y \u00fanica firma en Argentina con un abogado ingl\u00e9s, capaz de proporcionar asesoramiento en asuntos de derecho ingl\u00e9s.<\/span><\/p>\n<p style=\"text-align: justify;\"><span style=\"font-weight: 400;\">Entendemos que no hay dos clientes iguales. Por lo tanto, le dedicamos tiempo a conocer las empresas de nuestros clientes y sus problem\u00e1ticas. En Cincotta combinamos con \u00e9xito el conocimiento de la pr\u00e1ctica comercial con una profunda comprensi\u00f3n de los problemas comerciales que afectan a los clientes, para brindar un servicio altamente personalizado y enfocado. Nuestros clientes aprecian que resolvemos problemas complejos, detectamos problemas antes de que surjan y que construimos relaciones s\u00f3lidas con ellos.<\/span><\/p>\n<p style=\"text-align: justify;\"><span style=\"font-weight: 400;\">Nos gusta definirnos no solo como un estudio de abogados sino tambi\u00e9n como una consultora porque brindamos una gama de servicios que van m\u00e1s all\u00e1 de lo que ofrecen las tradicionales firmas de abogados. No solo proporcionamos asesoramiento legal sino asesoramiento comercial; trabajamos estrechamente con los clientes en el desarrollo de estrategias corporativas y comerciales para lograr sus objetivos.<\/span><\/p>\n<p>[\/vc_column_text][vc_custom_heading divide_line=\u00bbyes\u00bb divide_line_width=\u00bb600&#8243; divide_line_color=\u00bb#6b6b6b\u00bb divide_line_align=\u00bbcenter\u00bb text=\u00bb\u00bb css=\u00bb.vc_custom_1528931725186{padding-top: 10px !important;padding-bottom: 10px !important;}\u00bb][vc_row_inner][vc_column_inner align=\u00bbcenter\u00bb width=\u00bb1\/2&#8243;]<div class=\" agni-image custom-image-container text-center\"><div class=\"wpb_wrapper\"><a href=\"https:\/\/www.baccnetwork.com\/home\"  target=\"_self\"><img loading=\"lazy\" decoding=\"async\" style=\"\" class=\"fullwidth-image attachment-118x118  \" src=\"https:\/\/www.cincottaadvisory.com\/wp-content\/uploads\/2018\/06\/logo-bacc-118x118.jpg\" width=\"118\" height=\"118\" alt=\"logo-bacc\" title=\"logo-bacc\" \/><\/a><\/div><\/div>[\/vc_column_inner][vc_column_inner width=\u00bb1\/2&#8243;]<div class=\" agni-image custom-image-container text-center\"><div class=\"wpb_wrapper\"><a href=\"https:\/\/www.fedee.com\/corresponding-law-firms\/\"  target=\"_self\"><img loading=\"lazy\" decoding=\"async\" style=\"\" class=\"fullwidth-image attachment-300x118  \" src=\"https:\/\/www.cincottaadvisory.com\/wp-content\/uploads\/2020\/02\/fedee-global-300x118.jpg\" width=\"300\" height=\"118\" alt=\"fedee-global\" title=\"fedee-global\" \/><\/a><\/div><\/div>[\/vc_column_inner][\/vc_row_inner][vc_column_text css=\u00bb.vc_custom_1541601718737{padding-top: 10px !important;}\u00bb]<\/p>\n<p style=\"text-align: justify;\"><span style=\"font-weight: 400;\"><span id=\"m_8682562048244090013yui_3_16_0_ym19_1_1541412118308_4863\">Cincotta International Advisory Firm es miembro patr\u00f3n de la C\u00e1mara de Comercio Brit\u00e1nica Argentina y\u00a0<\/span><span id=\"m_8682562048244090013yui_3_16_0_ym19_1_1541412118308_4873\">ha sido designada como la \u00fanica firma de abogados corresponsal de la Federaci\u00f3n de Empleadores Internacionales (FedEE) en Argentina.<\/span><\/span><\/p>\n<p>[\/vc_column_text][vc_row_inner][vc_column_inner align=\u00bbcenter\u00bb]<div class=\" agni-image custom-image-container text-center\"><div class=\"wpb_wrapper\"><a href=\"https:\/\/www.baccnetwork.com\/home\"  target=\"_self\"><img loading=\"lazy\" decoding=\"async\" style=\"\" width=\"150\" height=\"150\" src=\"https:\/\/www.cincottaadvisory.com\/wp-content\/uploads\/2021\/04\/sobal-logo-for-website-vs2-150x150.jpg\" class=\"fullwidth-image attachment-  attachment-thumbnail\" alt=\"\" \/><\/a><\/div><\/div>[\/vc_column_inner][\/vc_row_inner][\/vc_column][\/vc_row]<\/p>\n","protected":false},"excerpt":{"rendered":"<p>[vc_row fullwidth=\u00bbhas-fullwidth-column-no-padding\u00bb act_as_table=\u00bbact_as_table\u00bb margin_top=\u00bb0px\u00bb padding_top=\u00bb0px\u00bb padding_bottom=\u00bb0px\u00bb border_top=\u00bb0px\u00bb border_bottom=\u00bb0px\u00bb][vc_column width=\u00bb1\/2&#8243; css=\u00bb.vc_custom_1528929515441{margin-top: 0px !important;margin-bottom: 0px !important;border-top-width: 0px !important;border-bottom-width: 0px !important;padding-top: 200px !important;padding-bottom: 200px !important;background-image: url(https:\/\/www.cincottaadvisory.com\/wp-content\/uploads\/2016\/05\/3.jpg?id=4715) !important;background-position: center !important;background-repeat: no-repeat !important;background-size: cover !important;}\u00bb][\/vc_column][vc_column width=\u00bb1\/2&#8243; css=\u00bb.vc_custom_1528929341568{padding-top: 8.5% !important;padding-right: 8.5% !important;padding-bottom: 8.5% !important;padding-left: 8.5% !important;}\u00bb][vc_custom_heading text=\u00bbPerfil de la Compa\u00f1\u00eda\u00bb font_container=\u00bbtag:h3|text_align:left\u00bb use_theme_fonts=\u00bbyes\u00bb][vc_column_text css=\u00bb.vc_custom_1543927390024{padding-top: 10px !important;}\u00bb] Somos una firma de consultor\u00eda internacional, [&hellip;]<\/p>\n","protected":false},"author":1,"featured_media":0,"parent":0,"menu_order":0,"comment_status":"closed","ping_status":"closed","template":"","meta":{"footnotes":""},"class_list":["post-5231","page","type-page","status-publish","hentry"],"aioseo_notices":[],"_links":{"self":[{"href":"https:\/\/www.cincottaadvisory.com\/es\/wp-json\/wp\/v2\/pages\/5231","targetHints":{"allow":["GET"]}}],"collection":[{"href":"https:\/\/www.cincottaadvisory.com\/es\/wp-json\/wp\/v2\/pages"}],"about":[{"href":"https:\/\/www.cincottaadvisory.com\/es\/wp-json\/wp\/v2\/types\/page"}],"author":[{"embeddable":true,"href":"https:\/\/www.cincottaadvisory.com\/es\/wp-json\/wp\/v2\/users\/1"}],"replies":[{"embeddable":true,"href":"https:\/\/www.cincottaadvisory.com\/es\/wp-json\/wp\/v2\/comments?post=5231"}],"version-history":[{"count":8,"href":"https:\/\/www.cincottaadvisory.com\/es\/wp-json\/wp\/v2\/pages\/5231\/revisions"}],"predecessor-version":[{"id":6239,"href":"https:\/\/www.cincottaadvisory.com\/es\/wp-json\/wp\/v2\/pages\/5231\/revisions\/6239"}],"wp:attachment":[{"href":"https:\/\/www.cincottaadvisory.com\/es\/wp-json\/wp\/v2\/media?parent=5231"}],"curies":[{"name":"wp","href":"https:\/\/api.w.org\/{rel}","templated":true}]}}