{"id":5302,"date":"2018-10-03T15:03:22","date_gmt":"2018-10-03T15:03:22","guid":{"rendered":"http:\/\/www.cincottaadvisory.com\/?page_id=5302"},"modified":"2020-04-30T04:52:16","modified_gmt":"2020-04-30T04:52:16","slug":"conexiones-internacionales","status":"publish","type":"page","link":"https:\/\/www.cincottaadvisory.com\/es\/conexiones-internacionales\/","title":{"rendered":"Conexiones Internacionales"},"content":{"rendered":"<p>[vc_row content_placement=\u00bbmiddle\u00bb][vc_column align=\u00bbcenter\u00bb width=\u00bb1\/4&#8243;][\/vc_column][vc_column width=\u00bb1\/2&#8243; css=\u00bb.vc_custom_1537801929371{margin: 0px !important;border-width: 0px !important;padding: 0px !important;}\u00bb][vc_custom_heading text=\u00bbConexiones Internacionales\u00bb font_container=\u00bbtag:h3|text_align:center\u00bb use_theme_fonts=\u00bbyes\u00bb][\/vc_column][vc_column width=\u00bb1\/4&#8243;][\/vc_column][\/vc_row][vc_row fullwidth=\u00bbhas-fullwidth-column-no-padding\u00bb act_as_table=\u00bbact_as_table\u00bb margin_top=\u00bb0px\u00bb padding_top=\u00bb0px\u00bb padding_bottom=\u00bb0px\u00bb border_top=\u00bb0px\u00bb border_bottom=\u00bb0px\u00bb margin_bottom=\u00bb0px\u00bb][vc_column width=\u00bb1\/2&#8243; css=\u00bb.vc_custom_1588222317785{margin-top: 0px !important;margin-right: 0px !important;margin-bottom: 0px !important;margin-left: 0px !important;border-top-width: 0px !important;border-right-width: 0px !important;border-bottom-width: 0px !important;border-left-width: 0px !important;padding-top: 0px !important;padding-right: 8.5% !important;padding-bottom: 0px !important;padding-left: 8.5% !important;background-position: center !important;background-repeat: no-repeat !important;background-size: cover !important;}\u00bb]<div class=\" agni-image custom-image-container text-center\"><div class=\"wpb_wrapper\"><a href=\"https:\/\/www.cincottaadvisory.com\/wp-content\/uploads\/2018\/06\/logo-bacc.jpg\" class=\"custom-image\" target=\"\"><img loading=\"lazy\" decoding=\"async\" style=\"\" width=\"300\" height=\"251\" src=\"https:\/\/www.cincottaadvisory.com\/wp-content\/uploads\/2018\/06\/logo-bacc-300x251.jpg\" class=\"fullwidth-image attachment-medium  attachment-medium\" alt=\"\" srcset=\"https:\/\/www.cincottaadvisory.com\/wp-content\/uploads\/2018\/06\/logo-bacc-300x251.jpg 300w, https:\/\/www.cincottaadvisory.com\/wp-content\/uploads\/2018\/06\/logo-bacc.jpg 503w\" sizes=\"auto, (max-width: 300px) 100vw, 300px\" \/><\/a><\/div><\/div>[vc_empty_space height=\u00bb10px\u00bb][vc_column_text css=\u00bb.vc_custom_1542073057532{padding-top: 10px !important;}\u00bb]<\/p>\n<p class=\"p1\">Cincotta International Advisory Firm es miembro patr\u00f3n de la C\u00e1mara de Comercio Brit\u00e1nica Argentina.<\/p>\n<p>[\/vc_column_text][\/vc_column][vc_column width=\u00bb1\/2&#8243; css=\u00bb.vc_custom_1588222333898{padding-top: 0px !important;padding-right: 8.5% !important;padding-bottom: 0px !important;padding-left: 8.5% !important;}\u00bb]<div class=\" agni-image custom-image-container text-center\"><div class=\"wpb_wrapper\"><a href=\"https:\/\/www.cincottaadvisory.com\/wp-content\/uploads\/2020\/02\/fedee-global.jpg\" class=\"custom-image\" target=\"\"><img loading=\"lazy\" decoding=\"async\" style=\"\" width=\"556\" height=\"255\" src=\"https:\/\/www.cincottaadvisory.com\/wp-content\/uploads\/2020\/02\/fedee-global.jpg\" class=\"fullwidth-image attachment-large  attachment-large\" alt=\"\" srcset=\"https:\/\/www.cincottaadvisory.com\/wp-content\/uploads\/2020\/02\/fedee-global.jpg 556w, https:\/\/www.cincottaadvisory.com\/wp-content\/uploads\/2020\/02\/fedee-global-300x138.jpg 300w\" sizes=\"auto, (max-width: 556px) 100vw, 556px\" \/><\/a><\/div><\/div>[vc_empty_space height=\u00bb10px\u00bb][vc_column_text css=\u00bb.vc_custom_1541602365119{padding-top: 10px !important;}\u00bb]<\/p>\n<p class=\"p1\" style=\"text-align: justify;\">Cincotta International Advisory Firm ha sido designada como la \u00fanica firma de abogados corresponsal de la Federaci\u00f3n de Empleadores Internacionales (FedEE) en Argentina.<\/p>\n<p>[\/vc_column_text][\/vc_column][\/vc_row][vc_row fullwidth=\u00bbhas-fullwidth-column-no-padding\u00bb act_as_table=\u00bbact_as_table\u00bb margin_top=\u00bb0px\u00bb padding_top=\u00bb0px\u00bb padding_bottom=\u00bb0px\u00bb border_top=\u00bb0px\u00bb border_bottom=\u00bb0px\u00bb margin_bottom=\u00bb0px\u00bb][vc_column width=\u00bb1\/3&#8243; css=\u00bb.vc_custom_1537966041377{margin: 0px !important;border-width: 0px !important;padding: 8.5% !important;background-position: center !important;background-repeat: no-repeat !important;background-size: cover !important;}\u00bb][\/vc_column][vc_column width=\u00bb1\/3&#8243;]<div class=\" agni-image custom-image-container text-center\"><div class=\"wpb_wrapper\"><a href=\"https:\/\/www.cincottaadvisory.com\/wp-content\/uploads\/2020\/04\/sobal-logo-for-website-vs2.jpg\" class=\"custom-image\" target=\"\"><img loading=\"lazy\" decoding=\"async\" style=\"\" width=\"224\" height=\"199\" src=\"https:\/\/www.cincottaadvisory.com\/wp-content\/uploads\/2020\/04\/sobal-logo-for-website-vs2.jpg\" class=\"fullwidth-image attachment-medium  attachment-medium\" alt=\"\" \/><\/a><\/div><\/div>[vc_empty_space height=\u00bb10px\u00bb][vc_column_text css=\u00bb.vc_custom_1588222157912{padding-top: 10px !important;}\u00bb]<\/p>\n<p class=\"p1\">CINCOTTA INTERNATIONAL ADVISORY FIRM es miembro de SOBAL (Society of British and Argentine Lawyers) y nuestro socio gerente, Dr. Federico Cincotta es Vicepresidente de SOBAL.<\/p>\n<p>[\/vc_column_text][\/vc_column][vc_column width=\u00bb1\/3&#8243;][\/vc_column][\/vc_row]<\/p>\n","protected":false},"excerpt":{"rendered":"<p>[vc_row content_placement=\u00bbmiddle\u00bb][vc_column align=\u00bbcenter\u00bb width=\u00bb1\/4&#8243;][\/vc_column][vc_column width=\u00bb1\/2&#8243; css=\u00bb.vc_custom_1537801929371{margin: 0px !important;border-width: 0px !important;padding: 0px !important;}\u00bb][vc_custom_heading text=\u00bbConexiones Internacionales\u00bb font_container=\u00bbtag:h3|text_align:center\u00bb use_theme_fonts=\u00bbyes\u00bb][\/vc_column][vc_column width=\u00bb1\/4&#8243;][\/vc_column][\/vc_row][vc_row fullwidth=\u00bbhas-fullwidth-column-no-padding\u00bb act_as_table=\u00bbact_as_table\u00bb margin_top=\u00bb0px\u00bb padding_top=\u00bb0px\u00bb padding_bottom=\u00bb0px\u00bb border_top=\u00bb0px\u00bb border_bottom=\u00bb0px\u00bb margin_bottom=\u00bb0px\u00bb][vc_column width=\u00bb1\/2&#8243; css=\u00bb.vc_custom_1588222317785{margin-top: 0px !important;margin-right: 0px !important;margin-bottom: 0px !important;margin-left: 0px !important;border-top-width: 0px !important;border-right-width: 0px !important;border-bottom-width: 0px !important;border-left-width: 0px !important;padding-top: 0px !important;padding-right: 8.5% !important;padding-bottom: 0px !important;padding-left: 8.5% !important;background-position: center !important;background-repeat: no-repeat !important;background-size: [&hellip;]<\/p>\n","protected":false},"author":1,"featured_media":0,"parent":0,"menu_order":0,"comment_status":"closed","ping_status":"closed","template":"","meta":{"footnotes":""},"class_list":["post-5302","page","type-page","status-publish","hentry"],"aioseo_notices":[],"_links":{"self":[{"href":"https:\/\/www.cincottaadvisory.com\/es\/wp-json\/wp\/v2\/pages\/5302","targetHints":{"allow":["GET"]}}],"collection":[{"href":"https:\/\/www.cincottaadvisory.com\/es\/wp-json\/wp\/v2\/pages"}],"about":[{"href":"https:\/\/www.cincottaadvisory.com\/es\/wp-json\/wp\/v2\/types\/page"}],"author":[{"embeddable":true,"href":"https:\/\/www.cincottaadvisory.com\/es\/wp-json\/wp\/v2\/users\/1"}],"replies":[{"embeddable":true,"href":"https:\/\/www.cincottaadvisory.com\/es\/wp-json\/wp\/v2\/comments?post=5302"}],"version-history":[{"count":11,"href":"https:\/\/www.cincottaadvisory.com\/es\/wp-json\/wp\/v2\/pages\/5302\/revisions"}],"predecessor-version":[{"id":5969,"href":"https:\/\/www.cincottaadvisory.com\/es\/wp-json\/wp\/v2\/pages\/5302\/revisions\/5969"}],"wp:attachment":[{"href":"https:\/\/www.cincottaadvisory.com\/es\/wp-json\/wp\/v2\/media?parent=5302"}],"curies":[{"name":"wp","href":"https:\/\/api.w.org\/{rel}","templated":true}]}}