{"id":5377,"date":"2018-11-13T01:21:56","date_gmt":"2018-11-13T01:21:56","guid":{"rendered":"http:\/\/www.cincottaadvisory.com\/?page_id=5377"},"modified":"2021-03-01T21:02:05","modified_gmt":"2021-03-01T21:02:05","slug":"contact","status":"publish","type":"page","link":"https:\/\/www.cincottaadvisory.com\/es\/contact\/","title":{"rendered":"Contact"},"content":{"rendered":"<p>[vc_row][vc_column][vc_empty_space][\/vc_column][\/vc_row][vc_row el_id=\u00bbcontactus\u00bb][vc_column][vc_custom_heading text=\u00bbContactanos\u00bb font_container=\u00bbtag:h4|text_align:center\u00bb use_theme_fonts=\u00bbyes\u00bb][vc_row_inner][vc_column_inner width=\u00bb1\/2&#8243;]\n<div class=\"wpcf7 no-js\" id=\"wpcf7-f22-o1\" lang=\"es-ES\" dir=\"ltr\" data-wpcf7-id=\"22\">\n<div class=\"screen-reader-response\"><p role=\"status\" aria-live=\"polite\" aria-atomic=\"true\"><\/p> <ul><\/ul><\/div>\n<form action=\"\/es\/wp-json\/wp\/v2\/pages\/5377#wpcf7-f22-o1\" method=\"post\" class=\"wpcf7-form init\" aria-label=\"Formulario de contacto\" novalidate=\"novalidate\" data-status=\"init\">\n<div style=\"display: none;\">\n<input type=\"hidden\" name=\"_wpcf7\" value=\"22\" \/>\n<input type=\"hidden\" name=\"_wpcf7_version\" value=\"6.0.3\" \/>\n<input type=\"hidden\" name=\"_wpcf7_locale\" value=\"es_ES\" \/>\n<input type=\"hidden\" name=\"_wpcf7_unit_tag\" value=\"wpcf7-f22-o1\" \/>\n<input type=\"hidden\" name=\"_wpcf7_container_post\" value=\"0\" \/>\n<input type=\"hidden\" name=\"_wpcf7_posted_data_hash\" value=\"\" \/>\n<input type=\"hidden\" name=\"_wpcf7_recaptcha_response\" value=\"\" \/>\n<\/div>\n<p><label> Your Name<br \/>\n<span class=\"wpcf7-form-control-wrap\" data-name=\"your-name\"><input size=\"40\" maxlength=\"400\" class=\"wpcf7-form-control wpcf7-text wpcf7-validates-as-required\" aria-required=\"true\" aria-invalid=\"false\" value=\"\" type=\"text\" name=\"your-name\" \/><\/span> <\/label>\n<\/p>\n<p><label> Your Telephone Number<br \/>\n<span class=\"wpcf7-form-control-wrap\" data-name=\"telephone\"><input size=\"40\" maxlength=\"400\" class=\"wpcf7-form-control wpcf7-text wpcf7-validates-as-required\" aria-required=\"true\" aria-invalid=\"false\" value=\"\" type=\"text\" name=\"telephone\" \/><\/span> <\/label>\n<\/p>\n<p><label> Company (optional)<br \/>\n<span class=\"wpcf7-form-control-wrap\" data-name=\"company\"><input size=\"40\" maxlength=\"400\" class=\"wpcf7-form-control wpcf7-text wpcf7-validates-as-required\" aria-required=\"true\" aria-invalid=\"false\" value=\"\" type=\"text\" name=\"company\" \/><\/span> <\/label>\n<\/p>\n<p><label> E-mail Adress<br \/>\n<span class=\"wpcf7-form-control-wrap\" data-name=\"your-email\"><input size=\"40\" maxlength=\"400\" class=\"wpcf7-form-control wpcf7-email wpcf7-validates-as-required wpcf7-text wpcf7-validates-as-email\" aria-required=\"true\" aria-invalid=\"false\" value=\"\" type=\"email\" name=\"your-email\" \/><\/span> <\/label>\n<\/p>\n<p><label> Enquiry<br \/>\n<span class=\"wpcf7-form-control-wrap\" data-name=\"your-message\"><textarea cols=\"40\" rows=\"10\" maxlength=\"2000\" class=\"wpcf7-form-control wpcf7-textarea\" aria-invalid=\"false\" name=\"your-message\"><\/textarea><\/span> <\/label>\n<\/p>\n<p><input class=\"wpcf7-form-control wpcf7-submit has-spinner\" type=\"submit\" value=\"Submit Form\" \/>\n<\/p>\n<p style=\"display: none !important;\" class=\"akismet-fields-container\" data-prefix=\"_wpcf7_ak_\"><label>&#916;<textarea name=\"_wpcf7_ak_hp_textarea\" cols=\"45\" rows=\"8\" maxlength=\"100\"><\/textarea><\/label><input type=\"hidden\" id=\"ak_js_1\" name=\"_wpcf7_ak_js\" value=\"224\"\/><script>document.getElementById( \"ak_js_1\" ).setAttribute( \"value\", ( new Date() ).getTime() );<\/script><\/p><div class=\"wpcf7-response-output\" aria-hidden=\"true\"><\/div>\n<\/form>\n<\/div>\n[\/vc_column_inner][vc_column_inner width=\u00bb1\/2&#8243;][vc_column_text]Si necesita m\u00e1s informaci\u00f3n, no dude en ponerse en contacto con Cincotta Advisors; tambi\u00e9n puede completar nuestro formulario de contacto a la izquierda. Gracias[\/vc_column_text][vc_column_text]<a href=\"mailto:info@cincottaadvisory.com\">info@cincottaadvisory.com<br \/>\n<\/a><\/p>\n<div dir=\"ltr\">WhatsApp: 00447901954011<\/div>\n<div dir=\"ltr\"><\/div>\n<div dir=\"ltr\">Inglaterra:<\/div>\n<div dir=\"ltr\">Tel: +44 0207 406 1465<\/div>\n<div dir=\"ltr\"><\/div>\n<div dir=\"ltr\">Argentina:<\/div>\n<div dir=\"ltr\">Tel: +54 11 5273 6336<\/div>\n<div dir=\"ltr\">Tel: +54 221 425 6337<\/div>\n<p>[\/vc_column_text]<span class=\" agni-icon \" style=\"border-radius:50%; color:#ffffff; \"><i class=\"ion-social-twitter  \" style=\"font-size:32px; border-radius:50%; color:#000000; \"><\/i><\/span><span class=\" agni-icon \" style=\"border-radius:50%; color:#ffffff; \"><i class=\"ion-social-linkedin  \" style=\"font-size:32px; border-radius:50%; color:#000000; \"><\/i><\/span>[\/vc_column_inner][\/vc_row_inner][\/vc_column][\/vc_row]<\/p>\n","protected":false},"excerpt":{"rendered":"<p>[vc_row][vc_column][vc_empty_space][\/vc_column][\/vc_row][vc_row el_id=\u00bbcontactus\u00bb][vc_column][vc_custom_heading text=\u00bbContactanos\u00bb font_container=\u00bbtag:h4|text_align:center\u00bb use_theme_fonts=\u00bbyes\u00bb][vc_row_inner][vc_column_inner width=\u00bb1\/2&#8243;][\/vc_column_inner][vc_column_inner width=\u00bb1\/2&#8243;][vc_column_text]Si necesita m\u00e1s informaci\u00f3n, no dude en ponerse en contacto con Cincotta Advisors; tambi\u00e9n puede completar nuestro formulario de contacto a la izquierda. Gracias[\/vc_column_text][vc_column_text]info@cincottaadvisory.com WhatsApp: 00447901954011 Inglaterra: Tel: +44 0207 406 1465 Argentina: Tel: +54 11 5273 6336 Tel: +54 221 425 6337 [\/vc_column_text][\/vc_column_inner][\/vc_row_inner][\/vc_column][\/vc_row]<\/p>\n","protected":false},"author":1,"featured_media":0,"parent":0,"menu_order":0,"comment_status":"closed","ping_status":"closed","template":"","meta":{"footnotes":""},"class_list":["post-5377","page","type-page","status-publish","hentry"],"aioseo_notices":[],"_links":{"self":[{"href":"https:\/\/www.cincottaadvisory.com\/es\/wp-json\/wp\/v2\/pages\/5377","targetHints":{"allow":["GET"]}}],"collection":[{"href":"https:\/\/www.cincottaadvisory.com\/es\/wp-json\/wp\/v2\/pages"}],"about":[{"href":"https:\/\/www.cincottaadvisory.com\/es\/wp-json\/wp\/v2\/types\/page"}],"author":[{"embeddable":true,"href":"https:\/\/www.cincottaadvisory.com\/es\/wp-json\/wp\/v2\/users\/1"}],"replies":[{"embeddable":true,"href":"https:\/\/www.cincottaadvisory.com\/es\/wp-json\/wp\/v2\/comments?post=5377"}],"version-history":[{"count":6,"href":"https:\/\/www.cincottaadvisory.com\/es\/wp-json\/wp\/v2\/pages\/5377\/revisions"}],"predecessor-version":[{"id":6116,"href":"https:\/\/www.cincottaadvisory.com\/es\/wp-json\/wp\/v2\/pages\/5377\/revisions\/6116"}],"wp:attachment":[{"href":"https:\/\/www.cincottaadvisory.com\/es\/wp-json\/wp\/v2\/media?parent=5377"}],"curies":[{"name":"wp","href":"https:\/\/api.w.org\/{rel}","templated":true}]}}