{"id":6256,"date":"2021-05-13T21:35:41","date_gmt":"2021-05-13T21:35:41","guid":{"rendered":"https:\/\/www.cincottaadvisory.com\/?page_id=6256"},"modified":"2021-06-15T14:38:19","modified_gmt":"2021-06-15T14:38:19","slug":"medios","status":"publish","type":"page","link":"https:\/\/www.cincottaadvisory.com\/es\/medios\/","title":{"rendered":"Medios"},"content":{"rendered":"<p>[vc_row el_class=\u00bbworks\u00bb padding_top=\u00bb100&#8243; padding_bottom=\u00bb100&#8243; margin_right=\u00bb0&#8243; margin_left=\u00bb0&#8243; bg_color=\u00bb#f4f4f4&#8243; el_id=\u00bbpress\u00bb][vc_column css=\u00bb.vc_custom_1464434500109{padding-right: 0px !important;padding-left: 0px !important;}\u00bb][vc_custom_heading text=\u00bbMedios\u00bb font_container=\u00bbtag:h4|text_align:center\u00bb use_theme_fonts=\u00bbyes\u00bb][vc_row_inner equal_height=\u00bbyes\u00bb content_placement=\u00bbtop\u00bb][vc_column_inner width=\u00bb1\/3&#8243;]<div class=\" service-box service-box-style-3 text-left \">\r\n\t\t\t\t\t<div class=\"service-box-style-3-icon\">\r\n\t\t\t\t\t\t<h5 class=\"service-box-text\">01<\/h5>\r\n\t\t\t\t\t<\/div>\r\n\t\t\t\t\t<div class=\"service-box-style-3-text\">\r\n\t\t\t\t\t\t<h6 class=\"heading\"><a href=\"https:\/\/www.lanacion.com.ar\/cultura\/trofeos-de-guerra-interviene-el-ministerio-de-defensa-del-reino-unido-en-el-caso-de-los-documentos-nid10062021\/\" target=\"_self\">Trofeos de guerra. Interviene el Ministerio de Defensa del Reino Unido en el caso de los documentos de Edgardo Esteban<\/a><\/h6>\r\n\t\t\t\t\t\t<p>lanacion.com.ar<\/p>\n\r\n\t\t\t\t\t<\/div>\r\n\t\t\t\t<\/div>[vc_empty_space height=\u00bb10px\u00bb]<div class=\" service-box service-box-style-3 text-left \">\r\n\t\t\t\t\t<div class=\"service-box-style-3-icon\">\r\n\t\t\t\t\t\t<h5 class=\"service-box-text\">02<\/h5>\r\n\t\t\t\t\t<\/div>\r\n\t\t\t\t\t<div class=\"service-box-style-3-text\">\r\n\t\t\t\t\t\t<h6 class=\"heading\"><a href=\"https:\/\/www.lanacion.com.ar\/cultura\/malvinas-inician-acciones-legales-en-londres-para-recuperar-un-trofeo-de-guerra-nid28122020\/\" target=\"_self\">Malvinas: inician acciones legales en Londres para recuperar un \u201ctrofeo de guerra\u201d<\/a><\/h6>\r\n\t\t\t\t\t\t<p>lanacion.com.ar<\/p>\n\r\n\t\t\t\t\t<\/div>\r\n\t\t\t\t<\/div>[vc_empty_space height=\u00bb10px\u00bb]<div class=\" service-box service-box-style-3 text-left \">\r\n\t\t\t\t\t<div class=\"service-box-style-3-icon\">\r\n\t\t\t\t\t\t<h5 class=\"service-box-text\">03<\/h5>\r\n\t\t\t\t\t<\/div>\r\n\t\t\t\t\t<div class=\"service-box-style-3-text\">\r\n\t\t\t\t\t\t<h6 class=\"heading\"><a href=\"https:\/\/www.grupolaprovincia.com\/politica\/esteban-presento-denuncia-en-londres-para-recuperar-su-cedula-de-soldado-en-la-guerra-de-malvinas-688547\" target=\"_self\">Esteban present\u00f3 denuncia en Londres para recuperar su c\u00e9dula de soldado en la guerra de Malvinas<\/a><\/h6>\r\n\t\t\t\t\t\t<p>GrupoLaprovincia.com<\/p>\n\r\n\t\t\t\t\t<\/div>\r\n\t\t\t\t<\/div>[vc_empty_space height=\u00bb10px\u00bb]<div class=\" service-box service-box-style-3 text-left \">\r\n\t\t\t\t\t<div class=\"service-box-style-3-icon\">\r\n\t\t\t\t\t\t<h5 class=\"service-box-text\">04<\/h5>\r\n\t\t\t\t\t<\/div>\r\n\t\t\t\t\t<div class=\"service-box-style-3-text\">\r\n\t\t\t\t\t\t<h6 class=\"heading\"><a href=\"https:\/\/www.grupolaprovincia.com\/politica\/el-veterano-de-guerra-esteban-iniciara-acciones-legales-para-recuperar-su-cedula-militar-631135\" target=\"_self\">El veterano de Guerra Esteban iniciar\u00e1 acciones legales para recuperar su c\u00e9dula militar<\/a><\/h6>\r\n\t\t\t\t\t\t<p>GrupoLaprovincia.com<\/p>\n\r\n\t\t\t\t\t<\/div>\r\n\t\t\t\t<\/div>[vc_empty_space height=\u00bb10px\u00bb]<div class=\" service-box service-box-style-3 text-left \">\r\n\t\t\t\t\t<div class=\"service-box-style-3-icon\">\r\n\t\t\t\t\t\t<h5 class=\"service-box-text\">05<\/h5>\r\n\t\t\t\t\t<\/div>\r\n\t\t\t\t\t<div class=\"service-box-style-3-text\">\r\n\t\t\t\t\t\t<h6 class=\"heading\"><a href=\"https:\/\/www.prensa-latina.cu\/index.php?o=rn&amp;id=419164&amp;SEO=veterano-de-malvinas-entablara-accion-legal-para-recuperar-documentos&amp;fbclid=IwAR23-WauPSIgdzezTHxSqXzkfrM5x_7wjcx74IeC6BWOpcQXtJ8W0O5_oXE\" target=\"_self\">Veterano de Malvinas entablar\u00e1 acci\u00f3n legal para recuperar documentos<\/a><\/h6>\r\n\t\t\t\t\t\t<p>Prensa-latina.cu<\/p>\n\r\n\t\t\t\t\t<\/div>\r\n\t\t\t\t<\/div>[vc_empty_space height=\u00bb10px\u00bb]<div class=\" service-box service-box-style-3 text-left \">\r\n\t\t\t\t\t<div class=\"service-box-style-3-icon\">\r\n\t\t\t\t\t\t<h5 class=\"service-box-text\">06<\/h5>\r\n\t\t\t\t\t<\/div>\r\n\t\t\t\t\t<div class=\"service-box-style-3-text\">\r\n\t\t\t\t\t\t<h6 class=\"heading\"><a href=\"http:\/\/www.nettv.com.ar\/cedula-malvinas-subasta\/\" target=\"_self\">Reclamo por c\u00e9dula militar malvinense subastada<\/a><\/h6>\r\n\t\t\t\t\t\t<p>nettv.com.ar<\/p>\n\r\n\t\t\t\t\t<\/div>\r\n\t\t\t\t<\/div>[vc_empty_space height=\u00bb10px\u00bb]<div class=\" service-box service-box-style-3 text-left \">\r\n\t\t\t\t\t<div class=\"service-box-style-3-icon\">\r\n\t\t\t\t\t\t<h5 class=\"service-box-text\">07<\/h5>\r\n\t\t\t\t\t<\/div>\r\n\t\t\t\t\t<div class=\"service-box-style-3-text\">\r\n\t\t\t\t\t\t<h6 class=\"heading\"><a href=\"https:\/\/www.telam.com.ar\/notas\/202012\/539145-el-veterano-de-guerra-esteban-iniciara-acciones-legales-para-recuperar-su-cedula-militar.html#.YGT3dLeUq9Y.whatsapp\" target=\"_self\">Edgardo Esteban iniciar\u00e1 acciones legales para recuperar su c\u00e9dula militar<\/a><\/h6>\r\n\t\t\t\t\t\t<p>telam.com.ar<\/p>\n\r\n\t\t\t\t\t<\/div>\r\n\t\t\t\t<\/div>[vc_empty_space height=\u00bb10px\u00bb]<div class=\" service-box service-box-style-3 text-left \">\r\n\t\t\t\t\t<div class=\"service-box-style-3-icon\">\r\n\t\t\t\t\t\t<h5 class=\"service-box-text\">08<\/h5>\r\n\t\t\t\t\t<\/div>\r\n\t\t\t\t\t<div class=\"service-box-style-3-text\">\r\n\t\t\t\t\t\t<h6 class=\"heading\"><a href=\"https:\/\/www.lanacion.com.ar\/cultura\/malvinas-inician-acciones-legales-en-londres-para-recuperar-un-trofeo-de-guerra-nid28122020\/?s=08\" target=\"_self\">Malvinas: inician acciones legales en Londres para recuperar un \u201ctrofeo de guerra\u201d<\/a><\/h6>\r\n\t\t\t\t\t\t<p>lanacion.com.ar<\/p>\n\r\n\t\t\t\t\t<\/div>\r\n\t\t\t\t<\/div>[vc_empty_space height=\u00bb10px\u00bb]<div class=\" service-box service-box-style-3 text-left \">\r\n\t\t\t\t\t<div class=\"service-box-style-3-icon\">\r\n\t\t\t\t\t\t<h5 class=\"service-box-text\">09<\/h5>\r\n\t\t\t\t\t<\/div>\r\n\t\t\t\t\t<div class=\"service-box-style-3-text\">\r\n\t\t\t\t\t\t<h6 class=\"heading\"><a href=\"https:\/\/ar.radiocut.fm\/audiocut\/seguramente-cuando-me-vaya-del-museo-malvinas-dejare-mis-pertenencias-alli-edgardo-esteban\/\" target=\"_self\">``Seguramente cuando me vaya del Museo Malvinas dejar\u00e9 mis pertenencias all\u00ed`` Edgardo Esteban<\/a><\/h6>\r\n\t\t\t\t\t\t<p>radiocut.fm<\/p>\n\r\n\t\t\t\t\t<\/div>\r\n\t\t\t\t<\/div>[vc_empty_space height=\u00bb10px\u00bb][\/vc_column_inner][vc_column_inner width=\u00bb1\/3&#8243;]<div class=\" service-box service-box-style-3 text-left \">\r\n\t\t\t\t\t<div class=\"service-box-style-3-icon\">\r\n\t\t\t\t\t\t<h5 class=\"service-box-text\">10<\/h5>\r\n\t\t\t\t\t<\/div>\r\n\t\t\t\t\t<div class=\"service-box-style-3-text\">\r\n\t\t\t\t\t\t<h6 class=\"heading\"><a href=\"https:\/\/www.pagina12.com.ar\/edicion-impresa\/29-12-2020\" target=\"_self\">Edici\u00f3n Impresa P\u00e1gina 12<\/a><\/h6>\r\n\t\t\t\t\t\t<p>pagina12.com.ar<\/p>\n\r\n\t\t\t\t\t<\/div>\r\n\t\t\t\t<\/div>[vc_empty_space height=\u00bb10px\u00bb]<div class=\" service-box service-box-style-3 text-left \">\r\n\t\t\t\t\t<div class=\"service-box-style-3-icon\">\r\n\t\t\t\t\t\t<h5 class=\"service-box-text\">11<\/h5>\r\n\t\t\t\t\t<\/div>\r\n\t\t\t\t\t<div class=\"service-box-style-3-text\">\r\n\t\t\t\t\t\t<h6 class=\"heading\"><a href=\"https:\/\/www.pagina12.com.ar\/pirulo\/314193\" target=\"_self\">Edgardo Esteban, director del Museo Malvinas y ex combatiente. Se enter\u00f3 ...<\/a><\/h6>\r\n\t\t\t\t\t\t<p>pagina12.com.ar<\/p>\n\r\n\t\t\t\t\t<\/div>\r\n\t\t\t\t<\/div>[vc_empty_space height=\u00bb10px\u00bb]<div class=\" service-box service-box-style-3 text-left \">\r\n\t\t\t\t\t<div class=\"service-box-style-3-icon\">\r\n\t\t\t\t\t\t<h5 class=\"service-box-text\">12<\/h5>\r\n\t\t\t\t\t<\/div>\r\n\t\t\t\t\t<div class=\"service-box-style-3-text\">\r\n\t\t\t\t\t\t<h6 class=\"heading\"><a href=\"https:\/\/reconquistaradios.com.ar\/a-nota\/27543\/el-veterano-de-malvinas-edgardo-esteban-presento-una-denuncia-en-londres-para-recuperar-su-cedula-de-soldado\" target=\"_self\">El veterano de Malvinas Edgardo Esteban present\u00f3 una denuncia en Londres para recuperar su c\u00e9dula de soldado<\/a><\/h6>\r\n\t\t\t\t\t\t<p>https:\/\/reconquistaradios.com.ar\/<\/p>\n\r\n\t\t\t\t\t<\/div>\r\n\t\t\t\t<\/div>[vc_empty_space height=\u00bb10px\u00bb]<div class=\" service-box service-box-style-3 text-left \">\r\n\t\t\t\t\t<div class=\"service-box-style-3-icon\">\r\n\t\t\t\t\t\t<h5 class=\"service-box-text\">13<\/h5>\r\n\t\t\t\t\t<\/div>\r\n\t\t\t\t\t<div class=\"service-box-style-3-text\">\r\n\t\t\t\t\t\t<h6 class=\"heading\"><a href=\"https:\/\/agenciaancla.com.ar\/2020\/12\/21\/edgardo-esteban-iniciara-acciones-legales-para-recuperar-su-cedula-militar\/\" target=\"_self\">Edgardo esteban iniciar\u00e1 acciones legales para recuperar su c\u00e9dula militar<\/a><\/h6>\r\n\t\t\t\t\t\t<p>agenciaancla.com.ar<\/p>\n\r\n\t\t\t\t\t<\/div>\r\n\t\t\t\t<\/div>[vc_empty_space height=\u00bb10px\u00bb]<div class=\" service-box service-box-style-3 text-left \">\r\n\t\t\t\t\t<div class=\"service-box-style-3-icon\">\r\n\t\t\t\t\t\t<h5 class=\"service-box-text\">14<\/h5>\r\n\t\t\t\t\t<\/div>\r\n\t\t\t\t\t<div class=\"service-box-style-3-text\">\r\n\t\t\t\t\t\t<h6 class=\"heading\"><a href=\"https:\/\/www.telam.com.ar\/notas\/202104\/549334-edgardo-esteban-denuncia-londres-recuperar-cedula-soldado-malvinas.html\" target=\"_self\">El veterano de Malvinas Edgardo Esteban present\u00f3 una denuncia en Londres para recuperar su c\u00e9dula de soldado<\/a><\/h6>\r\n\t\t\t\t\t\t<p>https:\/\/www.telam.com.ar<\/p>\n\r\n\t\t\t\t\t<\/div>\r\n\t\t\t\t<\/div>[vc_empty_space height=\u00bb10px\u00bb]<div class=\" service-box service-box-style-3 text-left \">\r\n\t\t\t\t\t<div class=\"service-box-style-3-icon\">\r\n\t\t\t\t\t\t<h5 class=\"service-box-text\">15<\/h5>\r\n\t\t\t\t\t<\/div>\r\n\t\t\t\t\t<div class=\"service-box-style-3-text\">\r\n\t\t\t\t\t\t<h6 class=\"heading\"><a href=\"https:\/\/omradio.ar\/edgardo-esteban-el-crimen-de-su-padre-malvinas-y-un-libro-que-hilvana-medio-siglo-de-violencia-entrevista-al-ex-combatiente-a-39-anos-de-la-guerra\/\" target=\"_self\">Edgardo Esteban, el crimen de su padre; Malvinas y un libro que hilvana medio siglo de violencia<\/a><\/h6>\r\n\t\t\t\t\t\t<p>omradio.ar<\/p>\n\r\n\t\t\t\t\t<\/div>\r\n\t\t\t\t<\/div>[vc_empty_space height=\u00bb10px\u00bb]<div class=\" service-box service-box-style-3 text-left \">\r\n\t\t\t\t\t<div class=\"service-box-style-3-icon\">\r\n\t\t\t\t\t\t<h5 class=\"service-box-text\">16<\/h5>\r\n\t\t\t\t\t<\/div>\r\n\t\t\t\t\t<div class=\"service-box-style-3-text\">\r\n\t\t\t\t\t\t<h6 class=\"heading\"><a href=\"https:\/\/www.prensa-latina.cu\/index.php\/component\/content\/?o=rn&amp;id=419164&amp;SEO=veterano-de-malvinas-entablara-accion-legal-para-recuperar-documentos\" target=\"_self\">Veterano de Malvinas entablara acci\u00f3n legal para recuperar documentos<\/a><\/h6>\r\n\t\t\t\t\t\t<p>https:\/\/www.prensa-latina.cu<\/p>\n\r\n\t\t\t\t\t<\/div>\r\n\t\t\t\t<\/div>[vc_empty_space height=\u00bb10px\u00bb]<div class=\" service-box service-box-style-3 text-left \">\r\n\t\t\t\t\t<div class=\"service-box-style-3-icon\">\r\n\t\t\t\t\t\t<h5 class=\"service-box-text\">17<\/h5>\r\n\t\t\t\t\t<\/div>\r\n\t\t\t\t\t<div class=\"service-box-style-3-text\">\r\n\t\t\t\t\t\t<h6 class=\"heading\"><a href=\"https:\/\/www.pagina12.com.ar\/333643-edgardo-esteban-el-crimen-de-su-padre-malvinas-y-un-libro-qu\" target=\"_self\">Edgardo Esteban, el crimen de su padre; Malvinas y un libro que hilvana medio siglo de violencia<\/a><\/h6>\r\n\t\t\t\t\t\t<p>pagina12.com.ar<\/p>\n\r\n\t\t\t\t\t<\/div>\r\n\t\t\t\t<\/div>[vc_empty_space height=\u00bb10px\u00bb]<div class=\" service-box service-box-style-3 text-left \">\r\n\t\t\t\t\t<div class=\"service-box-style-3-icon\">\r\n\t\t\t\t\t\t<h5 class=\"service-box-text\">18<\/h5>\r\n\t\t\t\t\t<\/div>\r\n\t\t\t\t\t<div class=\"service-box-style-3-text\">\r\n\t\t\t\t\t\t<h6 class=\"heading\"><a href=\"https:\/\/www.pagina12.com.ar\/333643-edgardo-esteban-el-crimen-de-su-padre-malvinas-y-un-libro-qu\" target=\"_self\">Edgardo Esteban, el crimen de su padre; Malvinas y un libro que hilvana medio siglo de violencia<\/a><\/h6>\r\n\t\t\t\t\t\t<p>pagina12.com.ar<\/p>\n\r\n\t\t\t\t\t<\/div>\r\n\t\t\t\t<\/div>[vc_empty_space height=\u00bb10px\u00bb][\/vc_column_inner][vc_column_inner width=\u00bb1\/3&#8243;]<div class=\" service-box service-box-style-3 text-left \">\r\n\t\t\t\t\t<div class=\"service-box-style-3-icon\">\r\n\t\t\t\t\t\t<h5 class=\"service-box-text\">19<\/h5>\r\n\t\t\t\t\t<\/div>\r\n\t\t\t\t\t<div class=\"service-box-style-3-text\">\r\n\t\t\t\t\t\t<h6 class=\"heading\"><a href=\"https:\/\/fundacionmalvinas.blogspot.com\/2020\/\" target=\"_self\">Malvinas: inician acciones legales en londres para recuperar un \u201ctrofeo de guerra\u201d<\/a><\/h6>\r\n\t\t\t\t\t\t<p>fundacionmalvinas.blogspot.com<\/p>\n\r\n\t\t\t\t\t<\/div>\r\n\t\t\t\t<\/div>[vc_empty_space height=\u00bb10px\u00bb]<div class=\" service-box service-box-style-3 text-left \">\r\n\t\t\t\t\t<div class=\"service-box-style-3-icon\">\r\n\t\t\t\t\t\t<h5 class=\"service-box-text\">20<\/h5>\r\n\t\t\t\t\t<\/div>\r\n\t\t\t\t\t<div class=\"service-box-style-3-text\">\r\n\t\t\t\t\t\t<h6 class=\"heading\"><a href=\"https:\/\/www.pagina12.com.ar\/333643-edgardo-esteban-el-crimen-de-su-padre-malvinas-y-un-libro-qu\" target=\"_self\">Edgardo Esteban, el crimen de su padre; Malvinas y un libro que hilvana medio siglo de violencia<\/a><\/h6>\r\n\t\t\t\t\t\t<p>pagina12.com.ar<\/p>\n\r\n\t\t\t\t\t<\/div>\r\n\t\t\t\t<\/div>[vc_empty_space height=\u00bb10px\u00bb]<div class=\" service-box service-box-style-3 text-left \">\r\n\t\t\t\t\t<div class=\"service-box-style-3-icon\">\r\n\t\t\t\t\t\t<h5 class=\"service-box-text\">21<\/h5>\r\n\t\t\t\t\t<\/div>\r\n\t\t\t\t\t<div class=\"service-box-style-3-text\">\r\n\t\t\t\t\t\t<h6 class=\"heading\"><a href=\"https:\/\/radiocut.in\/radiostation\/splendid\/listen\/2020\/12\/31\/14\/57\/53\/#\" target=\"_self\">Recorte de entrevista en AM 990.0<\/a><\/h6>\r\n\t\t\t\t\t\t<p>https:\/\/radiocut.in<\/p>\n\r\n\t\t\t\t\t<\/div>\r\n\t\t\t\t<\/div>[vc_empty_space height=\u00bb10px\u00bb]<div class=\" service-box service-box-style-3 text-left \">\r\n\t\t\t\t\t<div class=\"service-box-style-3-icon\">\r\n\t\t\t\t\t\t<h5 class=\"service-box-text\">22<\/h5>\r\n\t\t\t\t\t<\/div>\r\n\t\t\t\t\t<div class=\"service-box-style-3-text\">\r\n\t\t\t\t\t\t<h6 class=\"heading\"><a href=\"https:\/\/docplayer.es\/208994187-Libre-anos-tierra-del-fuego-tiene-que-dejar-de-necesitar-la-ley-de-promocion-industrial-3.html\" target=\"_self\">Libre. A\u00f1os. Tierra del Fuego tiene que dejar de necesitar la ley de promoci\u00f3n industrial 3<\/a><\/h6>\r\n\t\t\t\t\t\t<p>docplayer.es<\/p>\n\r\n\t\t\t\t\t<\/div>\r\n\t\t\t\t<\/div>[vc_empty_space height=\u00bb10px\u00bb]<div class=\" service-box service-box-style-3 text-left \">\r\n\t\t\t\t\t<div class=\"service-box-style-3-icon\">\r\n\t\t\t\t\t\t<h5 class=\"service-box-text\">23<\/h5>\r\n\t\t\t\t\t<\/div>\r\n\t\t\t\t\t<div class=\"service-box-style-3-text\">\r\n\t\t\t\t\t\t<h6 class=\"heading\"><a href=\"https:\/\/lavozdelpueblo.com.ar\/noticia\/105810-Un-veterano-de-Malvinas-present%C3%B3-una-denuncia-en-Londres-para-recuperar-su-c%C3%A9dula-de-soldado\" target=\"_self\">Un veterano de Malvinas present\u00f3 una denuncia en Londres para recuperar su c\u00e9dula de soldado<\/a><\/h6>\r\n\t\t\t\t\t\t<p>lavozdelpueblo.com.ar<\/p>\n\r\n\t\t\t\t\t<\/div>\r\n\t\t\t\t<\/div>[vc_empty_space height=\u00bb10px\u00bb]<div class=\" service-box service-box-style-3 text-left \">\r\n\t\t\t\t\t<div class=\"service-box-style-3-icon\">\r\n\t\t\t\t\t\t<h5 class=\"service-box-text\">24<\/h5>\r\n\t\t\t\t\t<\/div>\r\n\t\t\t\t\t<div class=\"service-box-style-3-text\">\r\n\t\t\t\t\t\t<h6 class=\"heading\"><a href=\"https:\/\/sinmordaza.com\/noticia\/191628-lucho-en-malvinas-los-ingleses-le-quitaron-su-cedula-de-soldado-y-hoy-busca-recuperarla.html\" target=\"_self\">Luch\u00f3 en Malvinas, los ingleses le quitaron su c\u00e9dula de soldado y hoy busca recuperarla<\/a><\/h6>\r\n\t\t\t\t\t\t<p>https:\/\/sinmordaza.com<\/p>\n\r\n\t\t\t\t\t<\/div>\r\n\t\t\t\t<\/div>[vc_empty_space height=\u00bb10px\u00bb]<div class=\" service-box service-box-style-3 text-left \">\r\n\t\t\t\t\t<div class=\"service-box-style-3-icon\">\r\n\t\t\t\t\t\t<h5 class=\"service-box-text\">25<\/h5>\r\n\t\t\t\t\t<\/div>\r\n\t\t\t\t\t<div class=\"service-box-style-3-text\">\r\n\t\t\t\t\t\t<h6 class=\"heading\"><a href=\"https:\/\/en.mercopress.com\/2021\/04\/02\/criminal-complaint-filed-in-london-regarding-sale-of-argentine-id-document\" target=\"_self\">Criminal complaint filed in London regarding sale of Argentine ID document<\/a><\/h6>\r\n\t\t\t\t\t\t<p>https:\/\/en.mercopress.com<\/p>\n\r\n\t\t\t\t\t<\/div>\r\n\t\t\t\t<\/div>[vc_empty_space height=\u00bb10px\u00bb]<div class=\" service-box service-box-style-3 text-left \">\r\n\t\t\t\t\t<div class=\"service-box-style-3-icon\">\r\n\t\t\t\t\t\t<h5 class=\"service-box-text\">26<\/h5>\r\n\t\t\t\t\t<\/div>\r\n\t\t\t\t\t<div class=\"service-box-style-3-text\">\r\n\t\t\t\t\t\t<h6 class=\"heading\"><a href=\"https:\/\/www.grupolaprovincia.com\/politica\/el-veterano-de-guerra-esteban-iniciara-acciones-legales-para-recuperar-su-cedula-militar-631135\" target=\"_self\">El veterano de Guerra Esteban iniciar\u00e1 acciones legales para recuperar su c\u00e9dula militar<\/a><\/h6>\r\n\t\t\t\t\t\t<p>https:\/\/www.grupolaprovincia.com<\/p>\n\r\n\t\t\t\t\t<\/div>\r\n\t\t\t\t<\/div>[vc_empty_space height=\u00bb10px\u00bb]<div class=\" service-box service-box-style-3 text-left \">\r\n\t\t\t\t\t<div class=\"service-box-style-3-icon\">\r\n\t\t\t\t\t\t<h5 class=\"service-box-text\">27<\/h5>\r\n\t\t\t\t\t<\/div>\r\n\t\t\t\t\t<div class=\"service-box-style-3-text\">\r\n\t\t\t\t\t\t<h6 class=\"heading\"><a href=\"https:\/\/www.pagina12.com.ar\/pirulo\/314193\" target=\"_self\">Edgardo Esteban, director del Museo Malvinas y ex combatiente, se enter\u00f3 hace un mes que su documento de soldado conscripto y fotograf\u00edas de sus compa\u00f1eros se estaban ofreciendo en la plataforma eBay<\/a><\/h6>\r\n\t\t\t\t\t\t<p>pagina12.com.ar<\/p>\n\r\n\t\t\t\t\t<\/div>\r\n\t\t\t\t<\/div>[vc_empty_space height=\u00bb10px\u00bb][\/vc_column_inner][\/vc_row_inner][\/vc_column][\/vc_row]<\/p>\n","protected":false},"excerpt":{"rendered":"<p>[vc_row el_class=\u00bbworks\u00bb padding_top=\u00bb100&#8243; padding_bottom=\u00bb100&#8243; margin_right=\u00bb0&#8243; margin_left=\u00bb0&#8243; bg_color=\u00bb#f4f4f4&#8243; el_id=\u00bbpress\u00bb][vc_column css=\u00bb.vc_custom_1464434500109{padding-right: 0px !important;padding-left: 0px !important;}\u00bb][vc_custom_heading text=\u00bbMedios\u00bb font_container=\u00bbtag:h4|text_align:center\u00bb use_theme_fonts=\u00bbyes\u00bb][vc_row_inner equal_height=\u00bbyes\u00bb content_placement=\u00bbtop\u00bb][vc_column_inner width=\u00bb1\/3&#8243;][vc_empty_space height=\u00bb10px\u00bb][vc_empty_space height=\u00bb10px\u00bb][vc_empty_space height=\u00bb10px\u00bb][vc_empty_space height=\u00bb10px\u00bb][vc_empty_space height=\u00bb10px\u00bb][vc_empty_space height=\u00bb10px\u00bb][vc_empty_space height=\u00bb10px\u00bb][vc_empty_space height=\u00bb10px\u00bb][vc_empty_space height=\u00bb10px\u00bb][\/vc_column_inner][vc_column_inner width=\u00bb1\/3&#8243;][vc_empty_space height=\u00bb10px\u00bb][vc_empty_space height=\u00bb10px\u00bb][vc_empty_space height=\u00bb10px\u00bb][vc_empty_space height=\u00bb10px\u00bb][vc_empty_space height=\u00bb10px\u00bb][vc_empty_space height=\u00bb10px\u00bb][vc_empty_space height=\u00bb10px\u00bb][vc_empty_space height=\u00bb10px\u00bb][vc_empty_space height=\u00bb10px\u00bb][\/vc_column_inner][vc_column_inner width=\u00bb1\/3&#8243;][vc_empty_space height=\u00bb10px\u00bb][vc_empty_space height=\u00bb10px\u00bb][vc_empty_space height=\u00bb10px\u00bb][vc_empty_space height=\u00bb10px\u00bb][vc_empty_space height=\u00bb10px\u00bb][vc_empty_space height=\u00bb10px\u00bb][vc_empty_space height=\u00bb10px\u00bb][vc_empty_space height=\u00bb10px\u00bb][vc_empty_space height=\u00bb10px\u00bb][\/vc_column_inner][\/vc_row_inner][\/vc_column][\/vc_row]<\/p>\n","protected":false},"author":1,"featured_media":0,"parent":0,"menu_order":0,"comment_status":"closed","ping_status":"closed","template":"","meta":{"footnotes":""},"class_list":["post-6256","page","type-page","status-publish","hentry"],"aioseo_notices":[],"_links":{"self":[{"href":"https:\/\/www.cincottaadvisory.com\/es\/wp-json\/wp\/v2\/pages\/6256","targetHints":{"allow":["GET"]}}],"collection":[{"href":"https:\/\/www.cincottaadvisory.com\/es\/wp-json\/wp\/v2\/pages"}],"about":[{"href":"https:\/\/www.cincottaadvisory.com\/es\/wp-json\/wp\/v2\/types\/page"}],"author":[{"embeddable":true,"href":"https:\/\/www.cincottaadvisory.com\/es\/wp-json\/wp\/v2\/users\/1"}],"replies":[{"embeddable":true,"href":"https:\/\/www.cincottaadvisory.com\/es\/wp-json\/wp\/v2\/comments?post=6256"}],"version-history":[{"count":7,"href":"https:\/\/www.cincottaadvisory.com\/es\/wp-json\/wp\/v2\/pages\/6256\/revisions"}],"predecessor-version":[{"id":6275,"href":"https:\/\/www.cincottaadvisory.com\/es\/wp-json\/wp\/v2\/pages\/6256\/revisions\/6275"}],"wp:attachment":[{"href":"https:\/\/www.cincottaadvisory.com\/es\/wp-json\/wp\/v2\/media?parent=6256"}],"curies":[{"name":"wp","href":"https:\/\/api.w.org\/{rel}","templated":true}]}}